{"id":36564,"date":"2026-02-24T11:12:11","date_gmt":"2026-02-24T10:12:11","guid":{"rendered":"https:\/\/imprimeideas.es\/?post_type=product&p=36564"},"modified":"2026-02-26T18:13:43","modified_gmt":"2026-02-26T17:13:43","slug":"bloc-notas-kefron","status":"publish","type":"product","link":"https:\/\/imprimeideas.es\/en\/product\/bloc-notas-kefron\/","title":{"rendered":"Bloc Notas Kefron"},"content":{"rendered":"<p>Bloc de notas con tapas de suave tacto acabadas en polipiel. En elegante color negro, con el\u00e1stico de cierre, marcap\u00e1ginas y soporte el\u00e1stico para bol\u00edgrafo en vivos colores. Recubrimiento exterior especialmente dise\u00f1ado para marcaje en l\u00e1ser, con el que conseguir\u00e1 que su publicidad o marca quede perfectamente grabada en color a juego con el del art\u00edculo. Incluye 100 hojas con disposici\u00f3n a una raya.<\/p>","protected":false},"excerpt":{"rendered":"<p>Portada R\u00edgida. 100 Hojas<\/p>","protected":false},"featured_media":82963,"comment_status":"open","ping_status":"open","template":"","meta":{"inline_featured_image":false},"product_brand":[],"product_cat":[96],"product_tag":[],"class_list":{"0":"post-36564","1":"product","2":"type-product","3":"status-publish","4":"has-post-thumbnail","6":"product_cat-oficina-y-negocios","8":"first","9":"instock","10":"taxable","11":"shipping-taxable","12":"purchasable","13":"product-type-variable","14":"has-default-attributes"},"aioseo_notices":[],"_links":{"self":[{"href":"https:\/\/imprimeideas.es\/en\/wp-json\/wp\/v2\/product\/36564","targetHints":{"allow":["GET"]}}],"collection":[{"href":"https:\/\/imprimeideas.es\/en\/wp-json\/wp\/v2\/product"}],"about":[{"href":"https:\/\/imprimeideas.es\/en\/wp-json\/wp\/v2\/types\/product"}],"replies":[{"embeddable":true,"href":"https:\/\/imprimeideas.es\/en\/wp-json\/wp\/v2\/comments?post=36564"}],"version-history":[{"count":1,"href":"https:\/\/imprimeideas.es\/en\/wp-json\/wp\/v2\/product\/36564\/revisions"}],"predecessor-version":[{"id":60059,"href":"https:\/\/imprimeideas.es\/en\/wp-json\/wp\/v2\/product\/36564\/revisions\/60059"}],"wp:featuredmedia":[{"embeddable":true,"href":"https:\/\/imprimeideas.es\/en\/wp-json\/wp\/v2\/media\/82963"}],"wp:attachment":[{"href":"https:\/\/imprimeideas.es\/en\/wp-json\/wp\/v2\/media?parent=36564"}],"wp:term":[{"taxonomy":"product_brand","embeddable":true,"href":"https:\/\/imprimeideas.es\/en\/wp-json\/wp\/v2\/product_brand?post=36564"},{"taxonomy":"product_cat","embeddable":true,"href":"https:\/\/imprimeideas.es\/en\/wp-json\/wp\/v2\/product_cat?post=36564"},{"taxonomy":"product_tag","embeddable":true,"href":"https:\/\/imprimeideas.es\/en\/wp-json\/wp\/v2\/product_tag?post=36564"}],"curies":[{"name":"wp","href":"https:\/\/api.w.org\/{rel}","templated":true}]}}