{"id":36492,"date":"2026-02-24T11:12:05","date_gmt":"2026-02-24T10:12:05","guid":{"rendered":"https:\/\/imprimeideas.es\/?post_type=product&p=36492"},"modified":"2026-02-26T18:19:34","modified_gmt":"2026-02-26T17:19:34","slug":"libreta-tumiz","status":"publish","type":"product","link":"https:\/\/imprimeideas.es\/en\/product\/libreta-tumiz\/","title":{"rendered":"Libreta Tumiz"},"content":{"rendered":"<p>Libreta de anillas en l\u00ednea nature con tapas r\u00edgidas de bamb\u00fa y bol\u00edgrafo a juego, tambi\u00e9n en bamb\u00fa. De tama\u00f1o compacto, con el\u00e1stico de cierre en elegante color negro. Incluye 70 hojas con disposici\u00f3n a una raya y dise\u00f1o eco. Bol\u00edgrafo con cartucho jumbo y tinta azul.<\/p>","protected":false},"excerpt":{"rendered":"<p>Portada R\u00edgida. 70 Hojas. Bol\u00edgrafo Bamb\u00fa Incluido. Carga Jumbo<\/p>","protected":false},"featured_media":81233,"comment_status":"open","ping_status":"open","template":"","meta":{"inline_featured_image":false},"product_brand":[],"product_cat":[122,96],"product_tag":[],"class_list":{"0":"post-36492","1":"product","2":"type-product","3":"status-publish","4":"has-post-thumbnail","6":"product_cat-articulos-sostenibles","7":"product_cat-oficina-y-negocios","9":"first","10":"instock","11":"taxable","12":"shipping-taxable","13":"purchasable","14":"product-type-variable","15":"has-default-attributes"},"aioseo_notices":[],"_links":{"self":[{"href":"https:\/\/imprimeideas.es\/en\/wp-json\/wp\/v2\/product\/36492","targetHints":{"allow":["GET"]}}],"collection":[{"href":"https:\/\/imprimeideas.es\/en\/wp-json\/wp\/v2\/product"}],"about":[{"href":"https:\/\/imprimeideas.es\/en\/wp-json\/wp\/v2\/types\/product"}],"replies":[{"embeddable":true,"href":"https:\/\/imprimeideas.es\/en\/wp-json\/wp\/v2\/comments?post=36492"}],"version-history":[{"count":1,"href":"https:\/\/imprimeideas.es\/en\/wp-json\/wp\/v2\/product\/36492\/revisions"}],"predecessor-version":[{"id":60037,"href":"https:\/\/imprimeideas.es\/en\/wp-json\/wp\/v2\/product\/36492\/revisions\/60037"}],"wp:featuredmedia":[{"embeddable":true,"href":"https:\/\/imprimeideas.es\/en\/wp-json\/wp\/v2\/media\/81233"}],"wp:attachment":[{"href":"https:\/\/imprimeideas.es\/en\/wp-json\/wp\/v2\/media?parent=36492"}],"wp:term":[{"taxonomy":"product_brand","embeddable":true,"href":"https:\/\/imprimeideas.es\/en\/wp-json\/wp\/v2\/product_brand?post=36492"},{"taxonomy":"product_cat","embeddable":true,"href":"https:\/\/imprimeideas.es\/en\/wp-json\/wp\/v2\/product_cat?post=36492"},{"taxonomy":"product_tag","embeddable":true,"href":"https:\/\/imprimeideas.es\/en\/wp-json\/wp\/v2\/product_tag?post=36492"}],"curies":[{"name":"wp","href":"https:\/\/api.w.org\/{rel}","templated":true}]}}