{"id":36484,"date":"2026-02-24T11:12:04","date_gmt":"2026-02-24T10:12:04","guid":{"rendered":"https:\/\/imprimeideas.es\/?post_type=product&p=36484"},"modified":"2026-02-26T18:19:21","modified_gmt":"2026-02-26T17:19:21","slug":"vaso-plegable-berty","status":"publish","type":"product","link":"https:\/\/imprimeideas.es\/en\/product\/vaso-plegable-berty\/","title":{"rendered":"Vaso Plegable Berty"},"content":{"rendered":"<p>Original vaso plegable para emergencias en elegante color blanco. De 220ml de capacidad y pastillero con tapa integrado en el tap\u00f3n. Con mosquet\u00f3n met\u00e1lico de transporte.<\/p>","protected":false},"excerpt":{"rendered":"<p>220 ml<\/p>","protected":false},"featured_media":85125,"comment_status":"open","ping_status":"open","template":"","meta":{"inline_featured_image":false},"product_brand":[],"product_cat":[107],"product_tag":[],"class_list":{"0":"post-36484","1":"product","2":"type-product","3":"status-publish","4":"has-post-thumbnail","6":"product_cat-cuidado-personal-y-pharma","8":"first","9":"instock","10":"taxable","11":"shipping-taxable","12":"purchasable","13":"product-type-variable","14":"has-default-attributes"},"aioseo_notices":[],"_links":{"self":[{"href":"https:\/\/imprimeideas.es\/en\/wp-json\/wp\/v2\/product\/36484","targetHints":{"allow":["GET"]}}],"collection":[{"href":"https:\/\/imprimeideas.es\/en\/wp-json\/wp\/v2\/product"}],"about":[{"href":"https:\/\/imprimeideas.es\/en\/wp-json\/wp\/v2\/types\/product"}],"replies":[{"embeddable":true,"href":"https:\/\/imprimeideas.es\/en\/wp-json\/wp\/v2\/comments?post=36484"}],"version-history":[{"count":1,"href":"https:\/\/imprimeideas.es\/en\/wp-json\/wp\/v2\/product\/36484\/revisions"}],"predecessor-version":[{"id":60032,"href":"https:\/\/imprimeideas.es\/en\/wp-json\/wp\/v2\/product\/36484\/revisions\/60032"}],"wp:featuredmedia":[{"embeddable":true,"href":"https:\/\/imprimeideas.es\/en\/wp-json\/wp\/v2\/media\/85125"}],"wp:attachment":[{"href":"https:\/\/imprimeideas.es\/en\/wp-json\/wp\/v2\/media?parent=36484"}],"wp:term":[{"taxonomy":"product_brand","embeddable":true,"href":"https:\/\/imprimeideas.es\/en\/wp-json\/wp\/v2\/product_brand?post=36484"},{"taxonomy":"product_cat","embeddable":true,"href":"https:\/\/imprimeideas.es\/en\/wp-json\/wp\/v2\/product_cat?post=36484"},{"taxonomy":"product_tag","embeddable":true,"href":"https:\/\/imprimeideas.es\/en\/wp-json\/wp\/v2\/product_tag?post=36484"}],"curies":[{"name":"wp","href":"https:\/\/api.w.org\/{rel}","templated":true}]}}