{"id":36480,"date":"2026-02-24T11:12:04","date_gmt":"2026-02-24T10:12:04","guid":{"rendered":"https:\/\/imprimeideas.es\/?post_type=product&p=36480"},"modified":"2026-02-26T18:23:31","modified_gmt":"2026-02-26T17:23:31","slug":"bidon-tukel","status":"publish","type":"product","link":"https:\/\/imprimeideas.es\/en\/product\/bidon-tukel\/","title":{"rendered":"Bid\u00f3n Tukel"},"content":{"rendered":"<p>Bid\u00f3n de aluminio de 650 ml de capacidad. Cuerpo en color plateado, con tap\u00f3n de seguridad a rosca en variada gama de colores transparentes. Cinta de transporte en material TPR a juego.<\/p>","protected":false},"excerpt":{"rendered":"<p>650 ml<\/p>","protected":false},"featured_media":71425,"comment_status":"open","ping_status":"open","template":"","meta":{"inline_featured_image":false},"product_brand":[],"product_cat":[97],"product_tag":[],"class_list":{"0":"post-36480","1":"product","2":"type-product","3":"status-publish","4":"has-post-thumbnail","6":"product_cat-tazas-jarras-y-termos","8":"first","9":"instock","10":"taxable","11":"shipping-taxable","12":"purchasable","13":"product-type-variable","14":"has-default-attributes"},"aioseo_notices":[],"_links":{"self":[{"href":"https:\/\/imprimeideas.es\/en\/wp-json\/wp\/v2\/product\/36480","targetHints":{"allow":["GET"]}}],"collection":[{"href":"https:\/\/imprimeideas.es\/en\/wp-json\/wp\/v2\/product"}],"about":[{"href":"https:\/\/imprimeideas.es\/en\/wp-json\/wp\/v2\/types\/product"}],"replies":[{"embeddable":true,"href":"https:\/\/imprimeideas.es\/en\/wp-json\/wp\/v2\/comments?post=36480"}],"version-history":[{"count":1,"href":"https:\/\/imprimeideas.es\/en\/wp-json\/wp\/v2\/product\/36480\/revisions"}],"predecessor-version":[{"id":60027,"href":"https:\/\/imprimeideas.es\/en\/wp-json\/wp\/v2\/product\/36480\/revisions\/60027"}],"wp:featuredmedia":[{"embeddable":true,"href":"https:\/\/imprimeideas.es\/en\/wp-json\/wp\/v2\/media\/71425"}],"wp:attachment":[{"href":"https:\/\/imprimeideas.es\/en\/wp-json\/wp\/v2\/media?parent=36480"}],"wp:term":[{"taxonomy":"product_brand","embeddable":true,"href":"https:\/\/imprimeideas.es\/en\/wp-json\/wp\/v2\/product_brand?post=36480"},{"taxonomy":"product_cat","embeddable":true,"href":"https:\/\/imprimeideas.es\/en\/wp-json\/wp\/v2\/product_cat?post=36480"},{"taxonomy":"product_tag","embeddable":true,"href":"https:\/\/imprimeideas.es\/en\/wp-json\/wp\/v2\/product_tag?post=36480"}],"curies":[{"name":"wp","href":"https:\/\/api.w.org\/{rel}","templated":true}]}}