{"id":36477,"date":"2026-02-24T11:12:04","date_gmt":"2026-02-24T10:12:04","guid":{"rendered":"https:\/\/imprimeideas.es\/?post_type=product&p=36477"},"modified":"2026-02-26T18:03:03","modified_gmt":"2026-02-26T17:03:03","slug":"bolsa-lerkal","status":"publish","type":"product","link":"https:\/\/imprimeideas.es\/en\/product\/bolsa-lerkal\/","title":{"rendered":"Bolsa Lerkal"},"content":{"rendered":"<p>Bolsa ecol\u00f3gica en resistente combinaci\u00f3n de materiales naturales -yute y algod\u00f3n- de 245g\/m2. Con atractivo dise\u00f1o bicolor y acabado cosido. Asas largas de 70 cm reforzadas y resistencia hasta 8kg de peso.<\/p>","protected":false},"excerpt":{"rendered":"<p>Bolsa ecol\u00f3gica en resistente combinaci\u00f3n de materiales naturales -yute y algod\u00f3n- de 245g\/m2. Con atractivo dise\u00f1o bicolor y acabado cosido.<\/p>","protected":false},"featured_media":78858,"comment_status":"open","ping_status":"open","template":"","meta":{"inline_featured_image":false},"product_brand":[],"product_cat":[122,99],"product_tag":[],"class_list":{"0":"post-36477","1":"product","2":"type-product","3":"status-publish","4":"has-post-thumbnail","6":"product_cat-articulos-sostenibles","7":"product_cat-bolsas","9":"first","10":"instock","11":"taxable","12":"shipping-taxable","13":"purchasable","14":"product-type-variable","15":"has-default-attributes"},"aioseo_notices":[],"_links":{"self":[{"href":"https:\/\/imprimeideas.es\/en\/wp-json\/wp\/v2\/product\/36477","targetHints":{"allow":["GET"]}}],"collection":[{"href":"https:\/\/imprimeideas.es\/en\/wp-json\/wp\/v2\/product"}],"about":[{"href":"https:\/\/imprimeideas.es\/en\/wp-json\/wp\/v2\/types\/product"}],"replies":[{"embeddable":true,"href":"https:\/\/imprimeideas.es\/en\/wp-json\/wp\/v2\/comments?post=36477"}],"version-history":[{"count":1,"href":"https:\/\/imprimeideas.es\/en\/wp-json\/wp\/v2\/product\/36477\/revisions"}],"predecessor-version":[{"id":60025,"href":"https:\/\/imprimeideas.es\/en\/wp-json\/wp\/v2\/product\/36477\/revisions\/60025"}],"wp:featuredmedia":[{"embeddable":true,"href":"https:\/\/imprimeideas.es\/en\/wp-json\/wp\/v2\/media\/78858"}],"wp:attachment":[{"href":"https:\/\/imprimeideas.es\/en\/wp-json\/wp\/v2\/media?parent=36477"}],"wp:term":[{"taxonomy":"product_brand","embeddable":true,"href":"https:\/\/imprimeideas.es\/en\/wp-json\/wp\/v2\/product_brand?post=36477"},{"taxonomy":"product_cat","embeddable":true,"href":"https:\/\/imprimeideas.es\/en\/wp-json\/wp\/v2\/product_cat?post=36477"},{"taxonomy":"product_tag","embeddable":true,"href":"https:\/\/imprimeideas.es\/en\/wp-json\/wp\/v2\/product_tag?post=36477"}],"curies":[{"name":"wp","href":"https:\/\/api.w.org\/{rel}","templated":true}]}}