{"id":36473,"date":"2026-02-24T11:12:03","date_gmt":"2026-02-24T10:12:03","guid":{"rendered":"https:\/\/imprimeideas.es\/?post_type=product&p=36473"},"modified":"2026-02-26T18:03:05","modified_gmt":"2026-02-26T17:03:05","slug":"mochila-indicador-halton","status":"publish","type":"product","link":"https:\/\/imprimeideas.es\/en\/product\/mochila-indicador-halton\/","title":{"rendered":"Mochila Indicador Halton"},"content":{"rendered":"<p>Mochila con indicadores, en resistente poli\u00e9ster 600D. Indicadores luminosos en la base, con se\u00f1alizaci\u00f3n controlada desde las cintas de hombros de la mochila. Bolsillo principal con doble tirador e interior con bolsillo acolchado para ordenador port\u00e1til de hasta 15 pulgadas. Espalda y cintas acolchadas. Conexi\u00f3n micro USB -cable incluido-. Requiere de un powerbank -no incluido- para el funcionamiento de las luces.<\/p>","protected":false},"excerpt":{"rendered":"<p>Luces Led Intermitentes. Bolsillo Acolchado para Port\u00e1til. Parte Trasera y Cintas Acolchadas. Conexi\u00f3n USB<\/p>","protected":false},"featured_media":80575,"comment_status":"open","ping_status":"open","template":"","meta":{"inline_featured_image":false},"product_brand":[],"product_cat":[94],"product_tag":[],"class_list":{"0":"post-36473","1":"product","2":"type-product","3":"status-publish","4":"has-post-thumbnail","6":"product_cat-mochilas","8":"first","9":"instock","10":"taxable","11":"shipping-taxable","12":"purchasable","13":"product-type-variable","14":"has-default-attributes"},"aioseo_notices":[],"_links":{"self":[{"href":"https:\/\/imprimeideas.es\/en\/wp-json\/wp\/v2\/product\/36473","targetHints":{"allow":["GET"]}}],"collection":[{"href":"https:\/\/imprimeideas.es\/en\/wp-json\/wp\/v2\/product"}],"about":[{"href":"https:\/\/imprimeideas.es\/en\/wp-json\/wp\/v2\/types\/product"}],"replies":[{"embeddable":true,"href":"https:\/\/imprimeideas.es\/en\/wp-json\/wp\/v2\/comments?post=36473"}],"version-history":[{"count":1,"href":"https:\/\/imprimeideas.es\/en\/wp-json\/wp\/v2\/product\/36473\/revisions"}],"predecessor-version":[{"id":60020,"href":"https:\/\/imprimeideas.es\/en\/wp-json\/wp\/v2\/product\/36473\/revisions\/60020"}],"wp:featuredmedia":[{"embeddable":true,"href":"https:\/\/imprimeideas.es\/en\/wp-json\/wp\/v2\/media\/80575"}],"wp:attachment":[{"href":"https:\/\/imprimeideas.es\/en\/wp-json\/wp\/v2\/media?parent=36473"}],"wp:term":[{"taxonomy":"product_brand","embeddable":true,"href":"https:\/\/imprimeideas.es\/en\/wp-json\/wp\/v2\/product_brand?post=36473"},{"taxonomy":"product_cat","embeddable":true,"href":"https:\/\/imprimeideas.es\/en\/wp-json\/wp\/v2\/product_cat?post=36473"},{"taxonomy":"product_tag","embeddable":true,"href":"https:\/\/imprimeideas.es\/en\/wp-json\/wp\/v2\/product_tag?post=36473"}],"curies":[{"name":"wp","href":"https:\/\/api.w.org\/{rel}","templated":true}]}}