{"id":36465,"date":"2026-02-24T11:11:37","date_gmt":"2026-02-24T10:11:37","guid":{"rendered":"https:\/\/imprimeideas.es\/?post_type=product&p=36465"},"modified":"2026-02-26T18:42:34","modified_gmt":"2026-02-26T17:42:34","slug":"balsamo-labial-epson","status":"publish","type":"product","link":"https:\/\/imprimeideas.es\/en\/product\/balsamo-labial-epson\/","title":{"rendered":"B\u00e1lsamo Labial Epson"},"content":{"rendered":"<p>Esfera de b\u00e1lsamo labial en elegantes colores dorado, plateado y oro rosa. Aroma vainilla, con protecci\u00f3n SPF15 y dermatol\u00f3gicamente testados.<\/p>","protected":false},"excerpt":{"rendered":"<p>SPF15. Aroma Vainilla<\/p>","protected":false},"featured_media":76229,"comment_status":"open","ping_status":"open","template":"","meta":{"inline_featured_image":false},"product_brand":[],"product_cat":[107,106],"product_tag":[],"class_list":{"0":"post-36465","1":"product","2":"type-product","3":"status-publish","4":"has-post-thumbnail","6":"product_cat-cuidado-personal-y-pharma","7":"product_cat-regalos-y-premiums","9":"first","10":"instock","11":"taxable","12":"shipping-taxable","13":"purchasable","14":"product-type-variable","15":"has-default-attributes"},"aioseo_notices":[],"_links":{"self":[{"href":"https:\/\/imprimeideas.es\/en\/wp-json\/wp\/v2\/product\/36465","targetHints":{"allow":["GET"]}}],"collection":[{"href":"https:\/\/imprimeideas.es\/en\/wp-json\/wp\/v2\/product"}],"about":[{"href":"https:\/\/imprimeideas.es\/en\/wp-json\/wp\/v2\/types\/product"}],"replies":[{"embeddable":true,"href":"https:\/\/imprimeideas.es\/en\/wp-json\/wp\/v2\/comments?post=36465"}],"version-history":[{"count":1,"href":"https:\/\/imprimeideas.es\/en\/wp-json\/wp\/v2\/product\/36465\/revisions"}],"predecessor-version":[{"id":60013,"href":"https:\/\/imprimeideas.es\/en\/wp-json\/wp\/v2\/product\/36465\/revisions\/60013"}],"wp:featuredmedia":[{"embeddable":true,"href":"https:\/\/imprimeideas.es\/en\/wp-json\/wp\/v2\/media\/76229"}],"wp:attachment":[{"href":"https:\/\/imprimeideas.es\/en\/wp-json\/wp\/v2\/media?parent=36465"}],"wp:term":[{"taxonomy":"product_brand","embeddable":true,"href":"https:\/\/imprimeideas.es\/en\/wp-json\/wp\/v2\/product_brand?post=36465"},{"taxonomy":"product_cat","embeddable":true,"href":"https:\/\/imprimeideas.es\/en\/wp-json\/wp\/v2\/product_cat?post=36465"},{"taxonomy":"product_tag","embeddable":true,"href":"https:\/\/imprimeideas.es\/en\/wp-json\/wp\/v2\/product_tag?post=36465"}],"curies":[{"name":"wp","href":"https:\/\/api.w.org\/{rel}","templated":true}]}}