{"id":36459,"date":"2026-02-24T11:11:36","date_gmt":"2026-02-24T10:11:36","guid":{"rendered":"https:\/\/imprimeideas.es\/?post_type=product&p=36459"},"modified":"2026-02-26T18:28:06","modified_gmt":"2026-02-26T17:28:06","slug":"bowl-plegable-baloyn","status":"publish","type":"product","link":"https:\/\/imprimeideas.es\/en\/product\/bowl-plegable-baloyn\/","title":{"rendered":"Bowl Plegable Baloyn"},"content":{"rendered":"<p>Bowl plegable para mascotas en resistente material TPR. Dise\u00f1ado para s\u00f3lidos y l\u00edquidos, con 450ml de capacidad y mosquet\u00f3n de transporte met\u00e1lico a juego. Disponible en variada gama de colores.<\/p>","protected":false},"excerpt":{"rendered":"<p>Bowl plegable para mascotas en resistente material TPR. Dise\u00f1ado para s\u00f3lidos y l\u00edquidos, con 450ml de capacidad y mosquet\u00f3n de<\/p>","protected":false},"featured_media":71915,"comment_status":"open","ping_status":"open","template":"","meta":{"inline_featured_image":false},"product_brand":[],"product_cat":[109],"product_tag":[],"class_list":{"0":"post-36459","1":"product","2":"type-product","3":"status-publish","4":"has-post-thumbnail","6":"product_cat-productos-para-mascotas","8":"first","9":"instock","10":"taxable","11":"shipping-taxable","12":"purchasable","13":"product-type-variable","14":"has-default-attributes"},"aioseo_notices":[],"_links":{"self":[{"href":"https:\/\/imprimeideas.es\/en\/wp-json\/wp\/v2\/product\/36459","targetHints":{"allow":["GET"]}}],"collection":[{"href":"https:\/\/imprimeideas.es\/en\/wp-json\/wp\/v2\/product"}],"about":[{"href":"https:\/\/imprimeideas.es\/en\/wp-json\/wp\/v2\/types\/product"}],"replies":[{"embeddable":true,"href":"https:\/\/imprimeideas.es\/en\/wp-json\/wp\/v2\/comments?post=36459"}],"version-history":[{"count":1,"href":"https:\/\/imprimeideas.es\/en\/wp-json\/wp\/v2\/product\/36459\/revisions"}],"predecessor-version":[{"id":60008,"href":"https:\/\/imprimeideas.es\/en\/wp-json\/wp\/v2\/product\/36459\/revisions\/60008"}],"wp:featuredmedia":[{"embeddable":true,"href":"https:\/\/imprimeideas.es\/en\/wp-json\/wp\/v2\/media\/71915"}],"wp:attachment":[{"href":"https:\/\/imprimeideas.es\/en\/wp-json\/wp\/v2\/media?parent=36459"}],"wp:term":[{"taxonomy":"product_brand","embeddable":true,"href":"https:\/\/imprimeideas.es\/en\/wp-json\/wp\/v2\/product_brand?post=36459"},{"taxonomy":"product_cat","embeddable":true,"href":"https:\/\/imprimeideas.es\/en\/wp-json\/wp\/v2\/product_cat?post=36459"},{"taxonomy":"product_tag","embeddable":true,"href":"https:\/\/imprimeideas.es\/en\/wp-json\/wp\/v2\/product_tag?post=36459"}],"curies":[{"name":"wp","href":"https:\/\/api.w.org\/{rel}","templated":true}]}}