{"id":36452,"date":"2026-02-24T11:11:36","date_gmt":"2026-02-24T10:11:36","guid":{"rendered":"https:\/\/imprimeideas.es\/?post_type=product&p=36452"},"modified":"2026-02-25T19:52:10","modified_gmt":"2026-02-25T18:52:10","slug":"neceser-bracyn","status":"publish","type":"product","link":"https:\/\/imprimeideas.es\/en\/product\/neceser-bracyn\/","title":{"rendered":"Neceser Bracyn"},"content":{"rendered":"<p>Neceser multiusos en resistente material PVC. Dise\u00f1o en combinaci\u00f3n de materiales transl\u00facidos y transparentes. Disponible en vivos colores, con cierre de cremallera a juego.<\/p>","protected":false},"excerpt":{"rendered":"<p>Neceser multiusos en resistente material PVC. Dise\u00f1o en combinaci\u00f3n de materiales transl\u00facidos y transparentes. Disponible en vivos colores, con cierre<\/p>","protected":false},"featured_media":66093,"comment_status":"open","ping_status":"open","template":"","meta":{"inline_featured_image":false},"product_brand":[],"product_cat":[107,119,128,114],"product_tag":[],"class_list":{"0":"post-36452","1":"product","2":"type-product","3":"status-publish","4":"has-post-thumbnail","6":"product_cat-cuidado-personal-y-pharma","7":"product_cat-mujer","8":"product_cat-outlet","9":"product_cat-verano-y-playa","11":"first","12":"outofstock","13":"taxable","14":"shipping-taxable","15":"purchasable","16":"product-type-variable","17":"has-default-attributes"},"aioseo_notices":[],"_links":{"self":[{"href":"https:\/\/imprimeideas.es\/en\/wp-json\/wp\/v2\/product\/36452","targetHints":{"allow":["GET"]}}],"collection":[{"href":"https:\/\/imprimeideas.es\/en\/wp-json\/wp\/v2\/product"}],"about":[{"href":"https:\/\/imprimeideas.es\/en\/wp-json\/wp\/v2\/types\/product"}],"replies":[{"embeddable":true,"href":"https:\/\/imprimeideas.es\/en\/wp-json\/wp\/v2\/comments?post=36452"}],"version-history":[{"count":1,"href":"https:\/\/imprimeideas.es\/en\/wp-json\/wp\/v2\/product\/36452\/revisions"}],"predecessor-version":[{"id":60006,"href":"https:\/\/imprimeideas.es\/en\/wp-json\/wp\/v2\/product\/36452\/revisions\/60006"}],"wp:featuredmedia":[{"embeddable":true,"href":"https:\/\/imprimeideas.es\/en\/wp-json\/wp\/v2\/media\/66093"}],"wp:attachment":[{"href":"https:\/\/imprimeideas.es\/en\/wp-json\/wp\/v2\/media?parent=36452"}],"wp:term":[{"taxonomy":"product_brand","embeddable":true,"href":"https:\/\/imprimeideas.es\/en\/wp-json\/wp\/v2\/product_brand?post=36452"},{"taxonomy":"product_cat","embeddable":true,"href":"https:\/\/imprimeideas.es\/en\/wp-json\/wp\/v2\/product_cat?post=36452"},{"taxonomy":"product_tag","embeddable":true,"href":"https:\/\/imprimeideas.es\/en\/wp-json\/wp\/v2\/product_tag?post=36452"}],"curies":[{"name":"wp","href":"https:\/\/api.w.org\/{rel}","templated":true}]}}