{"id":36413,"date":"2026-02-24T11:11:32","date_gmt":"2026-02-24T10:11:32","guid":{"rendered":"https:\/\/imprimeideas.es\/?post_type=product&p=36413"},"modified":"2026-02-25T20:01:58","modified_gmt":"2026-02-25T19:01:58","slug":"boligrafo-pai-pai-paipen","status":"publish","type":"product","link":"https:\/\/imprimeideas.es\/en\/product\/boligrafo-pai-pai-paipen\/","title":{"rendered":"Bol\u00edgrafo Pai Pai Paipen"},"content":{"rendered":"<p>Original bol\u00edgrafo pai pai en variada gama de vivos colores. Con amplia superficie de marcaje para tampograf\u00eda. Cierre con capucha y tinta azul.<\/p>","protected":false},"excerpt":{"rendered":"<p>Original bol\u00edgrafo pai pai en variada gama de vivos colores. Con amplia superficie de marcaje para tampograf\u00eda. Cierre con capucha<\/p>","protected":false},"featured_media":84874,"comment_status":"open","ping_status":"open","template":"","meta":{"inline_featured_image":false},"product_brand":[],"product_cat":[100,128,114],"product_tag":[],"class_list":{"0":"post-36413","1":"product","2":"type-product","3":"status-publish","4":"has-post-thumbnail","6":"product_cat-escritura","7":"product_cat-outlet","8":"product_cat-verano-y-playa","10":"first","11":"outofstock","12":"taxable","13":"shipping-taxable","14":"purchasable","15":"product-type-variable","16":"has-default-attributes"},"aioseo_notices":[],"_links":{"self":[{"href":"https:\/\/imprimeideas.es\/en\/wp-json\/wp\/v2\/product\/36413","targetHints":{"allow":["GET"]}}],"collection":[{"href":"https:\/\/imprimeideas.es\/en\/wp-json\/wp\/v2\/product"}],"about":[{"href":"https:\/\/imprimeideas.es\/en\/wp-json\/wp\/v2\/types\/product"}],"replies":[{"embeddable":true,"href":"https:\/\/imprimeideas.es\/en\/wp-json\/wp\/v2\/comments?post=36413"}],"version-history":[{"count":1,"href":"https:\/\/imprimeideas.es\/en\/wp-json\/wp\/v2\/product\/36413\/revisions"}],"predecessor-version":[{"id":59992,"href":"https:\/\/imprimeideas.es\/en\/wp-json\/wp\/v2\/product\/36413\/revisions\/59992"}],"wp:featuredmedia":[{"embeddable":true,"href":"https:\/\/imprimeideas.es\/en\/wp-json\/wp\/v2\/media\/84874"}],"wp:attachment":[{"href":"https:\/\/imprimeideas.es\/en\/wp-json\/wp\/v2\/media?parent=36413"}],"wp:term":[{"taxonomy":"product_brand","embeddable":true,"href":"https:\/\/imprimeideas.es\/en\/wp-json\/wp\/v2\/product_brand?post=36413"},{"taxonomy":"product_cat","embeddable":true,"href":"https:\/\/imprimeideas.es\/en\/wp-json\/wp\/v2\/product_cat?post=36413"},{"taxonomy":"product_tag","embeddable":true,"href":"https:\/\/imprimeideas.es\/en\/wp-json\/wp\/v2\/product_tag?post=36413"}],"curies":[{"name":"wp","href":"https:\/\/api.w.org\/{rel}","templated":true}]}}