{"id":36411,"date":"2026-02-24T11:11:32","date_gmt":"2026-02-24T10:11:32","guid":{"rendered":"https:\/\/imprimeideas.es\/?post_type=product&p=36411"},"modified":"2026-02-26T18:13:43","modified_gmt":"2026-02-26T17:13:43","slug":"maceta-chupon","status":"publish","type":"product","link":"https:\/\/imprimeideas.es\/en\/product\/maceta-chupon\/","title":{"rendered":"Maceta Chupon"},"content":{"rendered":"<p>Maceta chup\u00f3n en divertidos dise\u00f1os de pato y gatito. Solamente hay que dejar la pajita en contacto con el agua para que la absorba y as\u00ed florezcan unas espectaculares petunias. Cuerpo en cer\u00e1mica, con 10-12 semillas incluidas. Presentada en atractiva caja de dise\u00f1o.<\/p>","protected":false},"excerpt":{"rendered":"<p>10-12 Semillas de Petunia Incluidas. Flores Colores Surtidos<\/p>","protected":false},"featured_media":39262,"comment_status":"open","ping_status":"open","template":"","meta":{"inline_featured_image":false},"product_brand":[],"product_cat":[122,104,108,128,106],"product_tag":[],"class_list":{"0":"post-36411","1":"product","2":"type-product","3":"status-publish","4":"has-post-thumbnail","6":"product_cat-articulos-sostenibles","7":"product_cat-hogar-y-decoracion","8":"product_cat-infantil","9":"product_cat-outlet","10":"product_cat-regalos-y-premiums","12":"first","13":"instock","14":"taxable","15":"shipping-taxable","16":"purchasable","17":"product-type-variable","18":"has-default-attributes"},"aioseo_notices":[],"_links":{"self":[{"href":"https:\/\/imprimeideas.es\/en\/wp-json\/wp\/v2\/product\/36411","targetHints":{"allow":["GET"]}}],"collection":[{"href":"https:\/\/imprimeideas.es\/en\/wp-json\/wp\/v2\/product"}],"about":[{"href":"https:\/\/imprimeideas.es\/en\/wp-json\/wp\/v2\/types\/product"}],"replies":[{"embeddable":true,"href":"https:\/\/imprimeideas.es\/en\/wp-json\/wp\/v2\/comments?post=36411"}],"version-history":[{"count":1,"href":"https:\/\/imprimeideas.es\/en\/wp-json\/wp\/v2\/product\/36411\/revisions"}],"predecessor-version":[{"id":59990,"href":"https:\/\/imprimeideas.es\/en\/wp-json\/wp\/v2\/product\/36411\/revisions\/59990"}],"wp:featuredmedia":[{"embeddable":true,"href":"https:\/\/imprimeideas.es\/en\/wp-json\/wp\/v2\/media\/39262"}],"wp:attachment":[{"href":"https:\/\/imprimeideas.es\/en\/wp-json\/wp\/v2\/media?parent=36411"}],"wp:term":[{"taxonomy":"product_brand","embeddable":true,"href":"https:\/\/imprimeideas.es\/en\/wp-json\/wp\/v2\/product_brand?post=36411"},{"taxonomy":"product_cat","embeddable":true,"href":"https:\/\/imprimeideas.es\/en\/wp-json\/wp\/v2\/product_cat?post=36411"},{"taxonomy":"product_tag","embeddable":true,"href":"https:\/\/imprimeideas.es\/en\/wp-json\/wp\/v2\/product_tag?post=36411"}],"curies":[{"name":"wp","href":"https:\/\/api.w.org\/{rel}","templated":true}]}}