{"id":36394,"date":"2026-02-24T11:11:31","date_gmt":"2026-02-24T10:11:31","guid":{"rendered":"https:\/\/imprimeideas.es\/?post_type=product&p=36394"},"modified":"2026-02-26T04:17:49","modified_gmt":"2026-02-26T03:17:49","slug":"bidon-halmik","status":"publish","type":"product","link":"https:\/\/imprimeideas.es\/en\/product\/bidon-halmik\/","title":{"rendered":"Bid\u00f3n Halmik"},"content":{"rendered":"<p>Bid\u00f3n en alta calidad y de gran capacidad -650 ml- en material trit\u00e1n resistente al calor y libre de BPA. Con anilla de acero inoxidable y pap\u00f3n dosificador a rosca, con asa integrada a juego. Disponible en variada gama de colores transparentes.<\/p>","protected":false},"excerpt":{"rendered":"<p>650 ml<\/p>","protected":false},"featured_media":69640,"comment_status":"open","ping_status":"open","template":"","meta":{"inline_featured_image":false},"product_brand":[],"product_cat":[128,97],"product_tag":[],"class_list":{"0":"post-36394","1":"product","2":"type-product","3":"status-publish","4":"has-post-thumbnail","6":"product_cat-outlet","7":"product_cat-tazas-jarras-y-termos","9":"first","10":"outofstock","11":"taxable","12":"shipping-taxable","13":"purchasable","14":"product-type-variable","15":"has-default-attributes"},"aioseo_notices":[],"_links":{"self":[{"href":"https:\/\/imprimeideas.es\/en\/wp-json\/wp\/v2\/product\/36394","targetHints":{"allow":["GET"]}}],"collection":[{"href":"https:\/\/imprimeideas.es\/en\/wp-json\/wp\/v2\/product"}],"about":[{"href":"https:\/\/imprimeideas.es\/en\/wp-json\/wp\/v2\/types\/product"}],"replies":[{"embeddable":true,"href":"https:\/\/imprimeideas.es\/en\/wp-json\/wp\/v2\/comments?post=36394"}],"version-history":[{"count":1,"href":"https:\/\/imprimeideas.es\/en\/wp-json\/wp\/v2\/product\/36394\/revisions"}],"predecessor-version":[{"id":59983,"href":"https:\/\/imprimeideas.es\/en\/wp-json\/wp\/v2\/product\/36394\/revisions\/59983"}],"wp:featuredmedia":[{"embeddable":true,"href":"https:\/\/imprimeideas.es\/en\/wp-json\/wp\/v2\/media\/69640"}],"wp:attachment":[{"href":"https:\/\/imprimeideas.es\/en\/wp-json\/wp\/v2\/media?parent=36394"}],"wp:term":[{"taxonomy":"product_brand","embeddable":true,"href":"https:\/\/imprimeideas.es\/en\/wp-json\/wp\/v2\/product_brand?post=36394"},{"taxonomy":"product_cat","embeddable":true,"href":"https:\/\/imprimeideas.es\/en\/wp-json\/wp\/v2\/product_cat?post=36394"},{"taxonomy":"product_tag","embeddable":true,"href":"https:\/\/imprimeideas.es\/en\/wp-json\/wp\/v2\/product_tag?post=36394"}],"curies":[{"name":"wp","href":"https:\/\/api.w.org\/{rel}","templated":true}]}}