{"id":36390,"date":"2026-02-24T11:11:30","date_gmt":"2026-02-24T10:11:30","guid":{"rendered":"https:\/\/imprimeideas.es\/?post_type=product&p=36390"},"modified":"2026-02-26T18:08:09","modified_gmt":"2026-02-26T17:08:09","slug":"neceser-babit","status":"publish","type":"product","link":"https:\/\/imprimeideas.es\/en\/product\/neceser-babit\/","title":{"rendered":"Neceser Babit"},"content":{"rendered":"<p>Portatodo multiusos en suave combinaci\u00f3n de algod\u00f3n y poli\u00e9ster en tonos crudos naturales. Cremallera a juego, con pr\u00e1ctica asa trenzada, argolla de refuerzo met\u00e1lica y suave forro interior en color crudo.<\/p>","protected":false},"excerpt":{"rendered":"<p>Con Forro Interior<\/p>","protected":false},"featured_media":66013,"comment_status":"open","ping_status":"open","template":"","meta":{"inline_featured_image":false},"product_brand":[],"product_cat":[107,119,114],"product_tag":[],"class_list":{"0":"post-36390","1":"product","2":"type-product","3":"status-publish","4":"has-post-thumbnail","6":"product_cat-cuidado-personal-y-pharma","7":"product_cat-mujer","8":"product_cat-verano-y-playa","10":"first","11":"instock","12":"taxable","13":"shipping-taxable","14":"purchasable","15":"product-type-variable","16":"has-default-attributes"},"aioseo_notices":[],"_links":{"self":[{"href":"https:\/\/imprimeideas.es\/en\/wp-json\/wp\/v2\/product\/36390","targetHints":{"allow":["GET"]}}],"collection":[{"href":"https:\/\/imprimeideas.es\/en\/wp-json\/wp\/v2\/product"}],"about":[{"href":"https:\/\/imprimeideas.es\/en\/wp-json\/wp\/v2\/types\/product"}],"replies":[{"embeddable":true,"href":"https:\/\/imprimeideas.es\/en\/wp-json\/wp\/v2\/comments?post=36390"}],"version-history":[{"count":1,"href":"https:\/\/imprimeideas.es\/en\/wp-json\/wp\/v2\/product\/36390\/revisions"}],"predecessor-version":[{"id":59980,"href":"https:\/\/imprimeideas.es\/en\/wp-json\/wp\/v2\/product\/36390\/revisions\/59980"}],"wp:featuredmedia":[{"embeddable":true,"href":"https:\/\/imprimeideas.es\/en\/wp-json\/wp\/v2\/media\/66013"}],"wp:attachment":[{"href":"https:\/\/imprimeideas.es\/en\/wp-json\/wp\/v2\/media?parent=36390"}],"wp:term":[{"taxonomy":"product_brand","embeddable":true,"href":"https:\/\/imprimeideas.es\/en\/wp-json\/wp\/v2\/product_brand?post=36390"},{"taxonomy":"product_cat","embeddable":true,"href":"https:\/\/imprimeideas.es\/en\/wp-json\/wp\/v2\/product_cat?post=36390"},{"taxonomy":"product_tag","embeddable":true,"href":"https:\/\/imprimeideas.es\/en\/wp-json\/wp\/v2\/product_tag?post=36390"}],"curies":[{"name":"wp","href":"https:\/\/api.w.org\/{rel}","templated":true}]}}