{"id":36388,"date":"2026-02-24T11:11:30","date_gmt":"2026-02-24T10:11:30","guid":{"rendered":"https:\/\/imprimeideas.es\/?post_type=product&p=36388"},"modified":"2026-02-26T18:13:57","modified_gmt":"2026-02-26T17:13:57","slug":"encendedor-stromber","status":"publish","type":"product","link":"https:\/\/imprimeideas.es\/en\/product\/encendedor-stromber\/","title":{"rendered":"Encendedor Stromber"},"content":{"rendered":"<p>Encendedor a gas de mecanismo de piedra. Con protecci\u00f3n infantil, recargable, regulador de llama y accesorio extra\u00edble para prensado. Servidos en cajas expositoras de 24 unidades y en colores surtidos de acabado s\u00f3lido.<\/p>","protected":false},"excerpt":{"rendered":"<p>Recargable<\/p>","protected":false},"featured_media":65807,"comment_status":"open","ping_status":"open","template":"","meta":{"inline_featured_image":false},"product_brand":[],"product_cat":[106],"product_tag":[],"class_list":{"0":"post-36388","1":"product","2":"type-product","3":"status-publish","4":"has-post-thumbnail","6":"product_cat-regalos-y-premiums","8":"first","9":"instock","10":"taxable","11":"shipping-taxable","12":"purchasable","13":"product-type-variable","14":"has-default-attributes"},"aioseo_notices":[],"_links":{"self":[{"href":"https:\/\/imprimeideas.es\/en\/wp-json\/wp\/v2\/product\/36388","targetHints":{"allow":["GET"]}}],"collection":[{"href":"https:\/\/imprimeideas.es\/en\/wp-json\/wp\/v2\/product"}],"about":[{"href":"https:\/\/imprimeideas.es\/en\/wp-json\/wp\/v2\/types\/product"}],"replies":[{"embeddable":true,"href":"https:\/\/imprimeideas.es\/en\/wp-json\/wp\/v2\/comments?post=36388"}],"version-history":[{"count":1,"href":"https:\/\/imprimeideas.es\/en\/wp-json\/wp\/v2\/product\/36388\/revisions"}],"predecessor-version":[{"id":58722,"href":"https:\/\/imprimeideas.es\/en\/wp-json\/wp\/v2\/product\/36388\/revisions\/58722"}],"wp:featuredmedia":[{"embeddable":true,"href":"https:\/\/imprimeideas.es\/en\/wp-json\/wp\/v2\/media\/65807"}],"wp:attachment":[{"href":"https:\/\/imprimeideas.es\/en\/wp-json\/wp\/v2\/media?parent=36388"}],"wp:term":[{"taxonomy":"product_brand","embeddable":true,"href":"https:\/\/imprimeideas.es\/en\/wp-json\/wp\/v2\/product_brand?post=36388"},{"taxonomy":"product_cat","embeddable":true,"href":"https:\/\/imprimeideas.es\/en\/wp-json\/wp\/v2\/product_cat?post=36388"},{"taxonomy":"product_tag","embeddable":true,"href":"https:\/\/imprimeideas.es\/en\/wp-json\/wp\/v2\/product_tag?post=36388"}],"curies":[{"name":"wp","href":"https:\/\/api.w.org\/{rel}","templated":true}]}}