{"id":36370,"date":"2026-02-24T11:11:28","date_gmt":"2026-02-24T10:11:28","guid":{"rendered":"https:\/\/imprimeideas.es\/?post_type=product&p=36370"},"modified":"2026-02-26T18:37:27","modified_gmt":"2026-02-26T17:37:27","slug":"memoria-usb-milen-16gb","status":"publish","type":"product","link":"https:\/\/imprimeideas.es\/en\/product\/memoria-usb-milen-16gb\/","title":{"rendered":"Memoria USB Milen 16Gb"},"content":{"rendered":"<p>Memoria USB tarjeta de 16GB de capacidad, con conexi\u00f3n Tipo C y tecnolog\u00eda OTG. De dise\u00f1o ultraplano, mecanismo plegable y especialmente dise\u00f1ada para marcaje a todo color en digital. Compatible con dispositivos m\u00f3viles Android con funcionalidad OTG. Presentada en funda individual.<\/p>","protected":false},"excerpt":{"rendered":"<p>Conexi\u00f3n Tipo C<\/p>","protected":false},"featured_media":79689,"comment_status":"open","ping_status":"open","template":"","meta":{"inline_featured_image":false},"product_brand":[],"product_cat":[95,787],"product_tag":[],"class_list":{"0":"post-36370","1":"product","2":"type-product","3":"status-publish","4":"has-post-thumbnail","6":"product_cat-tecnologia-y-accesorios","7":"product_cat-usb-stock","9":"first","10":"instock","11":"taxable","12":"shipping-taxable","13":"purchasable","14":"product-type-variable","15":"has-default-attributes"},"aioseo_notices":[],"_links":{"self":[{"href":"https:\/\/imprimeideas.es\/en\/wp-json\/wp\/v2\/product\/36370","targetHints":{"allow":["GET"]}}],"collection":[{"href":"https:\/\/imprimeideas.es\/en\/wp-json\/wp\/v2\/product"}],"about":[{"href":"https:\/\/imprimeideas.es\/en\/wp-json\/wp\/v2\/types\/product"}],"replies":[{"embeddable":true,"href":"https:\/\/imprimeideas.es\/en\/wp-json\/wp\/v2\/comments?post=36370"}],"version-history":[{"count":1,"href":"https:\/\/imprimeideas.es\/en\/wp-json\/wp\/v2\/product\/36370\/revisions"}],"predecessor-version":[{"id":60158,"href":"https:\/\/imprimeideas.es\/en\/wp-json\/wp\/v2\/product\/36370\/revisions\/60158"}],"wp:featuredmedia":[{"embeddable":true,"href":"https:\/\/imprimeideas.es\/en\/wp-json\/wp\/v2\/media\/79689"}],"wp:attachment":[{"href":"https:\/\/imprimeideas.es\/en\/wp-json\/wp\/v2\/media?parent=36370"}],"wp:term":[{"taxonomy":"product_brand","embeddable":true,"href":"https:\/\/imprimeideas.es\/en\/wp-json\/wp\/v2\/product_brand?post=36370"},{"taxonomy":"product_cat","embeddable":true,"href":"https:\/\/imprimeideas.es\/en\/wp-json\/wp\/v2\/product_cat?post=36370"},{"taxonomy":"product_tag","embeddable":true,"href":"https:\/\/imprimeideas.es\/en\/wp-json\/wp\/v2\/product_tag?post=36370"}],"curies":[{"name":"wp","href":"https:\/\/api.w.org\/{rel}","templated":true}]}}