{"id":36368,"date":"2026-02-24T11:11:28","date_gmt":"2026-02-24T10:11:28","guid":{"rendered":"https:\/\/imprimeideas.es\/?post_type=product&p=36368"},"modified":"2026-02-26T18:08:12","modified_gmt":"2026-02-26T17:08:12","slug":"memoria-usb-cetrex-16gb","status":"publish","type":"product","link":"https:\/\/imprimeideas.es\/en\/product\/memoria-usb-cetrex-16gb\/","title":{"rendered":"Memoria USB Cetrex 16Gb"},"content":{"rendered":"<p>Memoria USB nature de 16GB de capacidad, con mecanismo giratorio, cuerpo acabado en madera de bamb\u00fa y clip met\u00e1lico. Presentada en estuche individual de cart\u00f3n reciclado.<\/p>","protected":false},"excerpt":{"rendered":"<p>Memoria USB nature de 16GB de capacidad, con mecanismo giratorio, cuerpo acabado en madera de bamb\u00fa y clip met\u00e1lico. Presentada<\/p>","protected":false},"featured_media":82369,"comment_status":"open","ping_status":"open","template":"","meta":{"inline_featured_image":false},"product_brand":[],"product_cat":[122,95,787],"product_tag":[],"class_list":{"0":"post-36368","1":"product","2":"type-product","3":"status-publish","4":"has-post-thumbnail","6":"product_cat-articulos-sostenibles","7":"product_cat-tecnologia-y-accesorios","8":"product_cat-usb-stock","10":"first","11":"instock","12":"taxable","13":"shipping-taxable","14":"purchasable","15":"product-type-variable","16":"has-default-attributes"},"aioseo_notices":[],"_links":{"self":[{"href":"https:\/\/imprimeideas.es\/en\/wp-json\/wp\/v2\/product\/36368","targetHints":{"allow":["GET"]}}],"collection":[{"href":"https:\/\/imprimeideas.es\/en\/wp-json\/wp\/v2\/product"}],"about":[{"href":"https:\/\/imprimeideas.es\/en\/wp-json\/wp\/v2\/types\/product"}],"replies":[{"embeddable":true,"href":"https:\/\/imprimeideas.es\/en\/wp-json\/wp\/v2\/comments?post=36368"}],"version-history":[{"count":1,"href":"https:\/\/imprimeideas.es\/en\/wp-json\/wp\/v2\/product\/36368\/revisions"}],"predecessor-version":[{"id":60157,"href":"https:\/\/imprimeideas.es\/en\/wp-json\/wp\/v2\/product\/36368\/revisions\/60157"}],"wp:featuredmedia":[{"embeddable":true,"href":"https:\/\/imprimeideas.es\/en\/wp-json\/wp\/v2\/media\/82369"}],"wp:attachment":[{"href":"https:\/\/imprimeideas.es\/en\/wp-json\/wp\/v2\/media?parent=36368"}],"wp:term":[{"taxonomy":"product_brand","embeddable":true,"href":"https:\/\/imprimeideas.es\/en\/wp-json\/wp\/v2\/product_brand?post=36368"},{"taxonomy":"product_cat","embeddable":true,"href":"https:\/\/imprimeideas.es\/en\/wp-json\/wp\/v2\/product_cat?post=36368"},{"taxonomy":"product_tag","embeddable":true,"href":"https:\/\/imprimeideas.es\/en\/wp-json\/wp\/v2\/product_tag?post=36368"}],"curies":[{"name":"wp","href":"https:\/\/api.w.org\/{rel}","templated":true}]}}