{"id":36290,"date":"2026-02-24T11:11:22","date_gmt":"2026-02-24T10:11:22","guid":{"rendered":"https:\/\/imprimeideas.es\/?post_type=product&p=36290"},"modified":"2026-02-26T18:37:31","modified_gmt":"2026-02-26T17:37:31","slug":"bandera-dambor","status":"publish","type":"product","link":"https:\/\/imprimeideas.es\/en\/product\/bandera-dambor\/","title":{"rendered":"Bandera Dambor"},"content":{"rendered":"<p>Bandera tama\u00f1o XL -100x70cm- en suave poli\u00e9ster y extensa gama de colores vivos. Con resistentes cintas de sujeci\u00f3n a juego.<\/p>","protected":false},"excerpt":{"rendered":"<p>Bandera tama\u00f1o XL -100x70cm- en suave poli\u00e9ster y extensa gama de colores vivos. Con resistentes cintas de sujeci\u00f3n a juego.<\/p>","protected":false},"featured_media":82296,"comment_status":"open","ping_status":"open","template":"","meta":{"inline_featured_image":false},"product_brand":[],"product_cat":[113],"product_tag":[],"class_list":{"0":"post-36290","1":"product","2":"type-product","3":"status-publish","4":"has-post-thumbnail","6":"product_cat-eventos-y-fiesta","8":"first","9":"instock","10":"taxable","11":"shipping-taxable","12":"purchasable","13":"product-type-variable","14":"has-default-attributes"},"aioseo_notices":[],"_links":{"self":[{"href":"https:\/\/imprimeideas.es\/en\/wp-json\/wp\/v2\/product\/36290","targetHints":{"allow":["GET"]}}],"collection":[{"href":"https:\/\/imprimeideas.es\/en\/wp-json\/wp\/v2\/product"}],"about":[{"href":"https:\/\/imprimeideas.es\/en\/wp-json\/wp\/v2\/types\/product"}],"replies":[{"embeddable":true,"href":"https:\/\/imprimeideas.es\/en\/wp-json\/wp\/v2\/comments?post=36290"}],"version-history":[{"count":1,"href":"https:\/\/imprimeideas.es\/en\/wp-json\/wp\/v2\/product\/36290\/revisions"}],"predecessor-version":[{"id":60139,"href":"https:\/\/imprimeideas.es\/en\/wp-json\/wp\/v2\/product\/36290\/revisions\/60139"}],"wp:featuredmedia":[{"embeddable":true,"href":"https:\/\/imprimeideas.es\/en\/wp-json\/wp\/v2\/media\/82296"}],"wp:attachment":[{"href":"https:\/\/imprimeideas.es\/en\/wp-json\/wp\/v2\/media?parent=36290"}],"wp:term":[{"taxonomy":"product_brand","embeddable":true,"href":"https:\/\/imprimeideas.es\/en\/wp-json\/wp\/v2\/product_brand?post=36290"},{"taxonomy":"product_cat","embeddable":true,"href":"https:\/\/imprimeideas.es\/en\/wp-json\/wp\/v2\/product_cat?post=36290"},{"taxonomy":"product_tag","embeddable":true,"href":"https:\/\/imprimeideas.es\/en\/wp-json\/wp\/v2\/product_tag?post=36290"}],"curies":[{"name":"wp","href":"https:\/\/api.w.org\/{rel}","templated":true}]}}