{"id":36278,"date":"2026-02-24T11:11:20","date_gmt":"2026-02-24T10:11:20","guid":{"rendered":"https:\/\/imprimeideas.es\/?post_type=product&p=36278"},"modified":"2026-02-26T18:42:39","modified_gmt":"2026-02-26T17:42:39","slug":"bloc-notas-cargador-kevant","status":"publish","type":"product","link":"https:\/\/imprimeideas.es\/en\/product\/bloc-notas-cargador-kevant\/","title":{"rendered":"Bloc Notas Cargador Kevant"},"content":{"rendered":"<p>Bloc de notas cargador en resistente poli\u00e9ster 300D con cargador inal\u00e1mbrico integrado. De sobrio dise\u00f1o y original estaci\u00f3n de carga en la portada. Incluye 80 hojas con disposici\u00f3n a una raya.<\/p>","protected":false},"excerpt":{"rendered":"<p>Inal\u00e1mbrico 5W. Portada R\u00edgida. 80 Hojas<\/p>","protected":false},"featured_media":72612,"comment_status":"open","ping_status":"open","template":"","meta":{"inline_featured_image":false},"product_brand":[],"product_cat":[96],"product_tag":[],"class_list":{"0":"post-36278","1":"product","2":"type-product","3":"status-publish","4":"has-post-thumbnail","6":"product_cat-oficina-y-negocios","8":"first","9":"instock","10":"taxable","11":"shipping-taxable","12":"purchasable","13":"product-type-variable","14":"has-default-attributes"},"aioseo_notices":[],"_links":{"self":[{"href":"https:\/\/imprimeideas.es\/en\/wp-json\/wp\/v2\/product\/36278","targetHints":{"allow":["GET"]}}],"collection":[{"href":"https:\/\/imprimeideas.es\/en\/wp-json\/wp\/v2\/product"}],"about":[{"href":"https:\/\/imprimeideas.es\/en\/wp-json\/wp\/v2\/types\/product"}],"replies":[{"embeddable":true,"href":"https:\/\/imprimeideas.es\/en\/wp-json\/wp\/v2\/comments?post=36278"}],"version-history":[{"count":1,"href":"https:\/\/imprimeideas.es\/en\/wp-json\/wp\/v2\/product\/36278\/revisions"}],"predecessor-version":[{"id":60133,"href":"https:\/\/imprimeideas.es\/en\/wp-json\/wp\/v2\/product\/36278\/revisions\/60133"}],"wp:featuredmedia":[{"embeddable":true,"href":"https:\/\/imprimeideas.es\/en\/wp-json\/wp\/v2\/media\/72612"}],"wp:attachment":[{"href":"https:\/\/imprimeideas.es\/en\/wp-json\/wp\/v2\/media?parent=36278"}],"wp:term":[{"taxonomy":"product_brand","embeddable":true,"href":"https:\/\/imprimeideas.es\/en\/wp-json\/wp\/v2\/product_brand?post=36278"},{"taxonomy":"product_cat","embeddable":true,"href":"https:\/\/imprimeideas.es\/en\/wp-json\/wp\/v2\/product_cat?post=36278"},{"taxonomy":"product_tag","embeddable":true,"href":"https:\/\/imprimeideas.es\/en\/wp-json\/wp\/v2\/product_tag?post=36278"}],"curies":[{"name":"wp","href":"https:\/\/api.w.org\/{rel}","templated":true}]}}