{"id":36276,"date":"2026-02-24T11:11:20","date_gmt":"2026-02-24T10:11:20","guid":{"rendered":"https:\/\/imprimeideas.es\/?post_type=product&p=36276"},"modified":"2026-02-26T18:37:27","modified_gmt":"2026-02-26T17:37:27","slug":"bloc-multifuncion-weston","status":"publish","type":"product","link":"https:\/\/imprimeideas.es\/en\/product\/bloc-multifuncion-weston\/","title":{"rendered":"Bloc Multifunci\u00f3n Weston"},"content":{"rendered":"<p>Elegante y pr\u00e1ctico organizador en poli\u00e9ster 300D. Con carga inal\u00e1mbrica y bater\u00eda auxiliar de 4.000 mAh de capacidad de carga integrada. De sobrio dise\u00f1o y original cierre, incluye bloc de notas de 64 hojas, soporte para bol\u00edgrafo e indicador led de estado de carga. El f\u00e1cil acceso a la estaci\u00f3n de carga mediante cable micro USB -incluido- hacen de este organizador el gadget perfecto para el mundo de los negocios. Las capacidades mostradas en todas nuestras bater\u00edas auxiliares externas son reales, incorporando todas ellas bater\u00edas de grado A y no recicladas, con una vida \u00fatil de al menos 500 ciclos de carga y seg\u00fan normativa CE. Adem\u00e1s, est\u00e1n fabricadas conforme a los est\u00e1ndares RoHS y en cumplimiento con los siguientes requisitos de seguridad: Sistema de protecci\u00f3n contra sobrecarga del power bank. Sistema de protecci\u00f3n contra descarga completa que proporciona una mayor durabilidad del power bank. Sistema de bloqueo para evitar cortocircuitos. Sistema de transferencia de carga constante, acorde con la capacidad del dispositivo de destino.<\/p>","protected":false},"excerpt":{"rendered":"<p>Luces Led. Cargador Inal\u00e1mbrico 5W. Power Bank 4000 mAh. Bloc 64 Hojas. Salida USB. Entrada Micro USB<\/p>","protected":false},"featured_media":72130,"comment_status":"open","ping_status":"open","template":"","meta":{"inline_featured_image":false},"product_brand":[],"product_cat":[95],"product_tag":[],"class_list":{"0":"post-36276","1":"product","2":"type-product","3":"status-publish","4":"has-post-thumbnail","6":"product_cat-tecnologia-y-accesorios","8":"first","9":"instock","10":"taxable","11":"shipping-taxable","12":"purchasable","13":"product-type-variable","14":"has-default-attributes"},"aioseo_notices":[],"_links":{"self":[{"href":"https:\/\/imprimeideas.es\/en\/wp-json\/wp\/v2\/product\/36276","targetHints":{"allow":["GET"]}}],"collection":[{"href":"https:\/\/imprimeideas.es\/en\/wp-json\/wp\/v2\/product"}],"about":[{"href":"https:\/\/imprimeideas.es\/en\/wp-json\/wp\/v2\/types\/product"}],"replies":[{"embeddable":true,"href":"https:\/\/imprimeideas.es\/en\/wp-json\/wp\/v2\/comments?post=36276"}],"version-history":[{"count":1,"href":"https:\/\/imprimeideas.es\/en\/wp-json\/wp\/v2\/product\/36276\/revisions"}],"predecessor-version":[{"id":60132,"href":"https:\/\/imprimeideas.es\/en\/wp-json\/wp\/v2\/product\/36276\/revisions\/60132"}],"wp:featuredmedia":[{"embeddable":true,"href":"https:\/\/imprimeideas.es\/en\/wp-json\/wp\/v2\/media\/72130"}],"wp:attachment":[{"href":"https:\/\/imprimeideas.es\/en\/wp-json\/wp\/v2\/media?parent=36276"}],"wp:term":[{"taxonomy":"product_brand","embeddable":true,"href":"https:\/\/imprimeideas.es\/en\/wp-json\/wp\/v2\/product_brand?post=36276"},{"taxonomy":"product_cat","embeddable":true,"href":"https:\/\/imprimeideas.es\/en\/wp-json\/wp\/v2\/product_cat?post=36276"},{"taxonomy":"product_tag","embeddable":true,"href":"https:\/\/imprimeideas.es\/en\/wp-json\/wp\/v2\/product_tag?post=36276"}],"curies":[{"name":"wp","href":"https:\/\/api.w.org\/{rel}","templated":true}]}}