{"id":36271,"date":"2026-02-24T11:11:20","date_gmt":"2026-02-24T10:11:20","guid":{"rendered":"https:\/\/imprimeideas.es\/?post_type=product&p=36271"},"modified":"2026-02-26T18:19:33","modified_gmt":"2026-02-26T17:19:33","slug":"altavoz-denzel","status":"publish","type":"product","link":"https:\/\/imprimeideas.es\/en\/product\/altavoz-denzel\/","title":{"rendered":"Altavoz Denzel"},"content":{"rendered":"<p>Compacto altavoz con cuerpo en bamb\u00fa y conexi\u00f3n Bluetooth. Con 3W de potencia, funci\u00f3n manos libres, radio FM, una ranura para tarjetas mini SD y base antideslizante. Recargable mediante cable USB -incluido- y presentado en una atractiva caja de dise\u00f1o.<\/p>","protected":false},"excerpt":{"rendered":"<p>Conexi\u00f3n Bluetooth. Potencia Sonido 3W. Bater\u00eda 300 mAh<\/p>","protected":false},"featured_media":79740,"comment_status":"open","ping_status":"open","template":"","meta":{"inline_featured_image":false},"product_brand":[],"product_cat":[122,95],"product_tag":[],"class_list":{"0":"post-36271","1":"product","2":"type-product","3":"status-publish","4":"has-post-thumbnail","6":"product_cat-articulos-sostenibles","7":"product_cat-tecnologia-y-accesorios","9":"first","10":"instock","11":"taxable","12":"shipping-taxable","13":"purchasable","14":"product-type-variable","15":"has-default-attributes"},"aioseo_notices":[],"_links":{"self":[{"href":"https:\/\/imprimeideas.es\/en\/wp-json\/wp\/v2\/product\/36271","targetHints":{"allow":["GET"]}}],"collection":[{"href":"https:\/\/imprimeideas.es\/en\/wp-json\/wp\/v2\/product"}],"about":[{"href":"https:\/\/imprimeideas.es\/en\/wp-json\/wp\/v2\/types\/product"}],"replies":[{"embeddable":true,"href":"https:\/\/imprimeideas.es\/en\/wp-json\/wp\/v2\/comments?post=36271"}],"version-history":[{"count":1,"href":"https:\/\/imprimeideas.es\/en\/wp-json\/wp\/v2\/product\/36271\/revisions"}],"predecessor-version":[{"id":60130,"href":"https:\/\/imprimeideas.es\/en\/wp-json\/wp\/v2\/product\/36271\/revisions\/60130"}],"wp:featuredmedia":[{"embeddable":true,"href":"https:\/\/imprimeideas.es\/en\/wp-json\/wp\/v2\/media\/79740"}],"wp:attachment":[{"href":"https:\/\/imprimeideas.es\/en\/wp-json\/wp\/v2\/media?parent=36271"}],"wp:term":[{"taxonomy":"product_brand","embeddable":true,"href":"https:\/\/imprimeideas.es\/en\/wp-json\/wp\/v2\/product_brand?post=36271"},{"taxonomy":"product_cat","embeddable":true,"href":"https:\/\/imprimeideas.es\/en\/wp-json\/wp\/v2\/product_cat?post=36271"},{"taxonomy":"product_tag","embeddable":true,"href":"https:\/\/imprimeideas.es\/en\/wp-json\/wp\/v2\/product_tag?post=36271"}],"curies":[{"name":"wp","href":"https:\/\/api.w.org\/{rel}","templated":true}]}}