{"id":36255,"date":"2026-02-24T11:11:18","date_gmt":"2026-02-24T10:11:18","guid":{"rendered":"https:\/\/imprimeideas.es\/?post_type=product&p=36255"},"modified":"2026-02-26T18:42:39","modified_gmt":"2026-02-26T17:42:39","slug":"set-mascotas-matsen","status":"publish","type":"product","link":"https:\/\/imprimeideas.es\/en\/product\/set-mascotas-matsen\/","title":{"rendered":"Set Mascotas Matsen"},"content":{"rendered":"<p>Set para mascotas. Incluye pr\u00e1ctico bid\u00f3n de 900ml con 2 compartimentos -s\u00f3lidos y l\u00edquidos- y cierre de seguridad. Bowl plegable a juego, con mosquet\u00f3n met\u00e1lico de fijaci\u00f3n.<\/p>","protected":false},"excerpt":{"rendered":"<p>Bid\u00f3n PP. 2 Compartimentos 450 ml. Bowl Plegable TPR<\/p>","protected":false},"featured_media":76619,"comment_status":"open","ping_status":"open","template":"","meta":{"inline_featured_image":false},"product_brand":[],"product_cat":[109],"product_tag":[],"class_list":{"0":"post-36255","1":"product","2":"type-product","3":"status-publish","4":"has-post-thumbnail","6":"product_cat-productos-para-mascotas","8":"first","9":"outofstock","10":"taxable","11":"shipping-taxable","12":"purchasable","13":"product-type-variable","14":"has-default-attributes"},"aioseo_notices":[],"_links":{"self":[{"href":"https:\/\/imprimeideas.es\/en\/wp-json\/wp\/v2\/product\/36255","targetHints":{"allow":["GET"]}}],"collection":[{"href":"https:\/\/imprimeideas.es\/en\/wp-json\/wp\/v2\/product"}],"about":[{"href":"https:\/\/imprimeideas.es\/en\/wp-json\/wp\/v2\/types\/product"}],"replies":[{"embeddable":true,"href":"https:\/\/imprimeideas.es\/en\/wp-json\/wp\/v2\/comments?post=36255"}],"version-history":[{"count":1,"href":"https:\/\/imprimeideas.es\/en\/wp-json\/wp\/v2\/product\/36255\/revisions"}],"predecessor-version":[{"id":60126,"href":"https:\/\/imprimeideas.es\/en\/wp-json\/wp\/v2\/product\/36255\/revisions\/60126"}],"wp:featuredmedia":[{"embeddable":true,"href":"https:\/\/imprimeideas.es\/en\/wp-json\/wp\/v2\/media\/76619"}],"wp:attachment":[{"href":"https:\/\/imprimeideas.es\/en\/wp-json\/wp\/v2\/media?parent=36255"}],"wp:term":[{"taxonomy":"product_brand","embeddable":true,"href":"https:\/\/imprimeideas.es\/en\/wp-json\/wp\/v2\/product_brand?post=36255"},{"taxonomy":"product_cat","embeddable":true,"href":"https:\/\/imprimeideas.es\/en\/wp-json\/wp\/v2\/product_cat?post=36255"},{"taxonomy":"product_tag","embeddable":true,"href":"https:\/\/imprimeideas.es\/en\/wp-json\/wp\/v2\/product_tag?post=36255"}],"curies":[{"name":"wp","href":"https:\/\/api.w.org\/{rel}","templated":true}]}}