{"id":36249,"date":"2026-02-24T11:11:18","date_gmt":"2026-02-24T10:11:18","guid":{"rendered":"https:\/\/imprimeideas.es\/?post_type=product&p=36249"},"modified":"2026-02-26T18:13:34","modified_gmt":"2026-02-26T17:13:34","slug":"lanyard-lemer","status":"publish","type":"product","link":"https:\/\/imprimeideas.es\/en\/product\/lanyard-lemer\/","title":{"rendered":"Lanyard Lemer"},"content":{"rendered":"<p>Pr\u00e1ctico lanyard en poli\u00e9ster con accesorio extensible. Accesorio de seguridad en el cuello y accesorio retr\u00e1ctil extensible con clip de ajuste en un lado, dejando el otro lado libre para el logotipado. Mosquet\u00f3n met\u00e1lico. Conjunto disponible en colores blanco y negro.<\/p>","protected":false},"excerpt":{"rendered":"<p>Extensible. Cierre Seguridad<\/p>","protected":false},"featured_media":64847,"comment_status":"open","ping_status":"open","template":"","meta":{"inline_featured_image":false},"product_brand":[],"product_cat":[113,126],"product_tag":[],"class_list":{"0":"post-36249","1":"product","2":"type-product","3":"status-publish","4":"has-post-thumbnail","6":"product_cat-eventos-y-fiesta","7":"product_cat-spain-line","9":"first","10":"instock","11":"taxable","12":"shipping-taxable","13":"purchasable","14":"product-type-variable","15":"has-default-attributes"},"aioseo_notices":[],"_links":{"self":[{"href":"https:\/\/imprimeideas.es\/en\/wp-json\/wp\/v2\/product\/36249","targetHints":{"allow":["GET"]}}],"collection":[{"href":"https:\/\/imprimeideas.es\/en\/wp-json\/wp\/v2\/product"}],"about":[{"href":"https:\/\/imprimeideas.es\/en\/wp-json\/wp\/v2\/types\/product"}],"replies":[{"embeddable":true,"href":"https:\/\/imprimeideas.es\/en\/wp-json\/wp\/v2\/comments?post=36249"}],"version-history":[{"count":1,"href":"https:\/\/imprimeideas.es\/en\/wp-json\/wp\/v2\/product\/36249\/revisions"}],"predecessor-version":[{"id":60124,"href":"https:\/\/imprimeideas.es\/en\/wp-json\/wp\/v2\/product\/36249\/revisions\/60124"}],"wp:featuredmedia":[{"embeddable":true,"href":"https:\/\/imprimeideas.es\/en\/wp-json\/wp\/v2\/media\/64847"}],"wp:attachment":[{"href":"https:\/\/imprimeideas.es\/en\/wp-json\/wp\/v2\/media?parent=36249"}],"wp:term":[{"taxonomy":"product_brand","embeddable":true,"href":"https:\/\/imprimeideas.es\/en\/wp-json\/wp\/v2\/product_brand?post=36249"},{"taxonomy":"product_cat","embeddable":true,"href":"https:\/\/imprimeideas.es\/en\/wp-json\/wp\/v2\/product_cat?post=36249"},{"taxonomy":"product_tag","embeddable":true,"href":"https:\/\/imprimeideas.es\/en\/wp-json\/wp\/v2\/product_tag?post=36249"}],"curies":[{"name":"wp","href":"https:\/\/api.w.org\/{rel}","templated":true}]}}