{"id":36202,"date":"2026-02-24T11:11:13","date_gmt":"2026-02-24T10:11:13","guid":{"rendered":"https:\/\/imprimeideas.es\/?post_type=product&p=36202"},"modified":"2026-02-25T23:42:17","modified_gmt":"2026-02-25T22:42:17","slug":"libreta-palmex","status":"publish","type":"product","link":"https:\/\/imprimeideas.es\/en\/product\/libreta-palmex\/","title":{"rendered":"Libreta Palmex"},"content":{"rendered":"<p>Libreta de anillas en l\u00ednea nature con tapas r\u00edgidas de bamb\u00fa y original cierre el\u00e1stico. Incluye 80 hojas con disposici\u00f3n a una raya y dise\u00f1o eco.<\/p>","protected":false},"excerpt":{"rendered":"<p>Portada R\u00edgida. 80 Hojas<\/p>","protected":false},"featured_media":40463,"comment_status":"open","ping_status":"open","template":"","meta":{"inline_featured_image":false},"product_brand":[],"product_cat":[122,96],"product_tag":[],"class_list":{"0":"post-36202","1":"product","2":"type-product","3":"status-publish","4":"has-post-thumbnail","6":"product_cat-articulos-sostenibles","7":"product_cat-oficina-y-negocios","9":"first","10":"outofstock","11":"taxable","12":"shipping-taxable","13":"purchasable","14":"product-type-variable","15":"has-default-attributes"},"aioseo_notices":[],"_links":{"self":[{"href":"https:\/\/imprimeideas.es\/en\/wp-json\/wp\/v2\/product\/36202","targetHints":{"allow":["GET"]}}],"collection":[{"href":"https:\/\/imprimeideas.es\/en\/wp-json\/wp\/v2\/product"}],"about":[{"href":"https:\/\/imprimeideas.es\/en\/wp-json\/wp\/v2\/types\/product"}],"replies":[{"embeddable":true,"href":"https:\/\/imprimeideas.es\/en\/wp-json\/wp\/v2\/comments?post=36202"}],"version-history":[{"count":1,"href":"https:\/\/imprimeideas.es\/en\/wp-json\/wp\/v2\/product\/36202\/revisions"}],"predecessor-version":[{"id":60112,"href":"https:\/\/imprimeideas.es\/en\/wp-json\/wp\/v2\/product\/36202\/revisions\/60112"}],"wp:featuredmedia":[{"embeddable":true,"href":"https:\/\/imprimeideas.es\/en\/wp-json\/wp\/v2\/media\/40463"}],"wp:attachment":[{"href":"https:\/\/imprimeideas.es\/en\/wp-json\/wp\/v2\/media?parent=36202"}],"wp:term":[{"taxonomy":"product_brand","embeddable":true,"href":"https:\/\/imprimeideas.es\/en\/wp-json\/wp\/v2\/product_brand?post=36202"},{"taxonomy":"product_cat","embeddable":true,"href":"https:\/\/imprimeideas.es\/en\/wp-json\/wp\/v2\/product_cat?post=36202"},{"taxonomy":"product_tag","embeddable":true,"href":"https:\/\/imprimeideas.es\/en\/wp-json\/wp\/v2\/product_tag?post=36202"}],"curies":[{"name":"wp","href":"https:\/\/api.w.org\/{rel}","templated":true}]}}