{"id":36180,"date":"2026-02-24T11:11:11","date_gmt":"2026-02-24T10:11:11","guid":{"rendered":"https:\/\/imprimeideas.es\/?post_type=product&p=36180"},"modified":"2026-02-26T18:33:04","modified_gmt":"2026-02-26T17:33:04","slug":"altavoz-lunem","status":"publish","type":"product","link":"https:\/\/imprimeideas.es\/en\/product\/altavoz-lunem\/","title":{"rendered":"Altavoz Lunem"},"content":{"rendered":"<p>Altavoz con conexi\u00f3n Bluetooth, luz led interior y cuerpo especialmente dise\u00f1ado para marcaje en l\u00e1ser, iluminando as\u00ed el logotipo. Con 3W de potencia y funci\u00f3n manos libres. Recargable mediante cable USB -incluido- y presentado en una atractiva caja de dise\u00f1o.<\/p>","protected":false},"excerpt":{"rendered":"<p>Luces Led. Conexi\u00f3n Bluetooth. Potencia Sonido 3W. Bater\u00eda 400 mAh<\/p>","protected":false},"featured_media":72521,"comment_status":"open","ping_status":"open","template":"","meta":{"inline_featured_image":false},"product_brand":[],"product_cat":[95],"product_tag":[],"class_list":{"0":"post-36180","1":"product","2":"type-product","3":"status-publish","4":"has-post-thumbnail","6":"product_cat-tecnologia-y-accesorios","8":"first","9":"outofstock","10":"taxable","11":"shipping-taxable","12":"purchasable","13":"product-type-variable","14":"has-default-attributes"},"aioseo_notices":[],"_links":{"self":[{"href":"https:\/\/imprimeideas.es\/en\/wp-json\/wp\/v2\/product\/36180","targetHints":{"allow":["GET"]}}],"collection":[{"href":"https:\/\/imprimeideas.es\/en\/wp-json\/wp\/v2\/product"}],"about":[{"href":"https:\/\/imprimeideas.es\/en\/wp-json\/wp\/v2\/types\/product"}],"replies":[{"embeddable":true,"href":"https:\/\/imprimeideas.es\/en\/wp-json\/wp\/v2\/comments?post=36180"}],"version-history":[{"count":1,"href":"https:\/\/imprimeideas.es\/en\/wp-json\/wp\/v2\/product\/36180\/revisions"}],"predecessor-version":[{"id":60106,"href":"https:\/\/imprimeideas.es\/en\/wp-json\/wp\/v2\/product\/36180\/revisions\/60106"}],"wp:featuredmedia":[{"embeddable":true,"href":"https:\/\/imprimeideas.es\/en\/wp-json\/wp\/v2\/media\/72521"}],"wp:attachment":[{"href":"https:\/\/imprimeideas.es\/en\/wp-json\/wp\/v2\/media?parent=36180"}],"wp:term":[{"taxonomy":"product_brand","embeddable":true,"href":"https:\/\/imprimeideas.es\/en\/wp-json\/wp\/v2\/product_brand?post=36180"},{"taxonomy":"product_cat","embeddable":true,"href":"https:\/\/imprimeideas.es\/en\/wp-json\/wp\/v2\/product_cat?post=36180"},{"taxonomy":"product_tag","embeddable":true,"href":"https:\/\/imprimeideas.es\/en\/wp-json\/wp\/v2\/product_tag?post=36180"}],"curies":[{"name":"wp","href":"https:\/\/api.w.org\/{rel}","templated":true}]}}