{"id":36178,"date":"2026-02-24T11:11:11","date_gmt":"2026-02-24T10:11:11","guid":{"rendered":"https:\/\/imprimeideas.es\/?post_type=product&p=36178"},"modified":"2026-02-26T18:33:05","modified_gmt":"2026-02-26T17:33:05","slug":"cargador-brizem","status":"publish","type":"product","link":"https:\/\/imprimeideas.es\/en\/product\/cargador-brizem\/","title":{"rendered":"Cargador Brizem"},"content":{"rendered":"<p>Cargador inal\u00e1mbrico circular. En elegante color negro, con luz led interior y un recubrimiento exterior especialmente dise\u00f1ado para marcaje en l\u00e1ser, con el que conseguir\u00e1 que su publicidad o marca quede iluminada con luz blanca. Base antideslizante y compatible con dispositivos equipados con tecnolog\u00eda de carga inal\u00e1mbrica. Presentado en atractiva caja de dise\u00f1o. Cable USB incluido.<\/p>","protected":false},"excerpt":{"rendered":"<p>Luces Led. Inal\u00e1mbrico 10W<\/p>","protected":false},"featured_media":82952,"comment_status":"open","ping_status":"open","template":"","meta":{"inline_featured_image":false},"product_brand":[],"product_cat":[95],"product_tag":[],"class_list":{"0":"post-36178","1":"product","2":"type-product","3":"status-publish","4":"has-post-thumbnail","6":"product_cat-tecnologia-y-accesorios","8":"first","9":"outofstock","10":"taxable","11":"shipping-taxable","12":"purchasable","13":"product-type-variable","14":"has-default-attributes"},"aioseo_notices":[],"_links":{"self":[{"href":"https:\/\/imprimeideas.es\/en\/wp-json\/wp\/v2\/product\/36178","targetHints":{"allow":["GET"]}}],"collection":[{"href":"https:\/\/imprimeideas.es\/en\/wp-json\/wp\/v2\/product"}],"about":[{"href":"https:\/\/imprimeideas.es\/en\/wp-json\/wp\/v2\/types\/product"}],"replies":[{"embeddable":true,"href":"https:\/\/imprimeideas.es\/en\/wp-json\/wp\/v2\/comments?post=36178"}],"version-history":[{"count":1,"href":"https:\/\/imprimeideas.es\/en\/wp-json\/wp\/v2\/product\/36178\/revisions"}],"predecessor-version":[{"id":60105,"href":"https:\/\/imprimeideas.es\/en\/wp-json\/wp\/v2\/product\/36178\/revisions\/60105"}],"wp:featuredmedia":[{"embeddable":true,"href":"https:\/\/imprimeideas.es\/en\/wp-json\/wp\/v2\/media\/82952"}],"wp:attachment":[{"href":"https:\/\/imprimeideas.es\/en\/wp-json\/wp\/v2\/media?parent=36178"}],"wp:term":[{"taxonomy":"product_brand","embeddable":true,"href":"https:\/\/imprimeideas.es\/en\/wp-json\/wp\/v2\/product_brand?post=36178"},{"taxonomy":"product_cat","embeddable":true,"href":"https:\/\/imprimeideas.es\/en\/wp-json\/wp\/v2\/product_cat?post=36178"},{"taxonomy":"product_tag","embeddable":true,"href":"https:\/\/imprimeideas.es\/en\/wp-json\/wp\/v2\/product_tag?post=36178"}],"curies":[{"name":"wp","href":"https:\/\/api.w.org\/{rel}","templated":true}]}}