{"id":36152,"date":"2026-02-24T11:11:09","date_gmt":"2026-02-24T10:11:09","guid":{"rendered":"https:\/\/imprimeideas.es\/?post_type=product&p=36152"},"modified":"2026-02-26T18:08:12","modified_gmt":"2026-02-26T17:08:12","slug":"manta-lerten","status":"publish","type":"product","link":"https:\/\/imprimeideas.es\/en\/product\/manta-lerten\/","title":{"rendered":"Manta Lerten"},"content":{"rendered":"<p>Manta en elegante dise\u00f1o bicolor de 125x160cm. En suave y c\u00e1lida combinaci\u00f3n de materiales coral fleece y sherpa de 380g\/m2. Presentada en cinta con l\u00e1mina para f\u00e1cil impresi\u00f3n.<\/p>","protected":false},"excerpt":{"rendered":"<p>Manta en elegante dise\u00f1o bicolor de 125x160cm. En suave y c\u00e1lida combinaci\u00f3n de materiales coral fleece y sherpa de 380g\/m2.<\/p>","protected":false},"featured_media":71635,"comment_status":"open","ping_status":"open","template":"","meta":{"inline_featured_image":false},"product_brand":[],"product_cat":[104,118],"product_tag":[],"class_list":{"0":"post-36152","1":"product","2":"type-product","3":"status-publish","4":"has-post-thumbnail","6":"product_cat-hogar-y-decoracion","7":"product_cat-lluvia-y-frio","9":"first","10":"instock","11":"taxable","12":"shipping-taxable","13":"purchasable","14":"product-type-variable","15":"has-default-attributes"},"aioseo_notices":[],"_links":{"self":[{"href":"https:\/\/imprimeideas.es\/en\/wp-json\/wp\/v2\/product\/36152","targetHints":{"allow":["GET"]}}],"collection":[{"href":"https:\/\/imprimeideas.es\/en\/wp-json\/wp\/v2\/product"}],"about":[{"href":"https:\/\/imprimeideas.es\/en\/wp-json\/wp\/v2\/types\/product"}],"replies":[{"embeddable":true,"href":"https:\/\/imprimeideas.es\/en\/wp-json\/wp\/v2\/comments?post=36152"}],"version-history":[{"count":1,"href":"https:\/\/imprimeideas.es\/en\/wp-json\/wp\/v2\/product\/36152\/revisions"}],"predecessor-version":[{"id":60045,"href":"https:\/\/imprimeideas.es\/en\/wp-json\/wp\/v2\/product\/36152\/revisions\/60045"}],"wp:featuredmedia":[{"embeddable":true,"href":"https:\/\/imprimeideas.es\/en\/wp-json\/wp\/v2\/media\/71635"}],"wp:attachment":[{"href":"https:\/\/imprimeideas.es\/en\/wp-json\/wp\/v2\/media?parent=36152"}],"wp:term":[{"taxonomy":"product_brand","embeddable":true,"href":"https:\/\/imprimeideas.es\/en\/wp-json\/wp\/v2\/product_brand?post=36152"},{"taxonomy":"product_cat","embeddable":true,"href":"https:\/\/imprimeideas.es\/en\/wp-json\/wp\/v2\/product_cat?post=36152"},{"taxonomy":"product_tag","embeddable":true,"href":"https:\/\/imprimeideas.es\/en\/wp-json\/wp\/v2\/product_tag?post=36152"}],"curies":[{"name":"wp","href":"https:\/\/api.w.org\/{rel}","templated":true}]}}