{"id":36144,"date":"2026-02-24T11:11:08","date_gmt":"2026-02-24T10:11:08","guid":{"rendered":"https:\/\/imprimeideas.es\/?post_type=product&p=36144"},"modified":"2026-02-25T19:56:48","modified_gmt":"2026-02-25T18:56:48","slug":"boligrafo-wencex","status":"publish","type":"product","link":"https:\/\/imprimeideas.es\/en\/product\/boligrafo-wencex\/","title":{"rendered":"Bol\u00edgrafo Wencex"},"content":{"rendered":"<p>Bol\u00edgrafo de mecanismo pulsador con cuerpo de aluminio, acabado s\u00f3lido en color blanco y clip en variada gama de colores metalizados de acabado brillante. Clip con amplia superficie de impresi\u00f3n. Especialmente dise\u00f1ado para marcaje en l\u00e1ser y con un recubrimiento exterior especial para que tu publicidad quede perfectamente grabada, a juego con el color del clip. Tinta azul.<\/p>","protected":false},"excerpt":{"rendered":"<p>Bol\u00edgrafo de mecanismo pulsador con cuerpo de aluminio, acabado s\u00f3lido en color blanco y clip en variada gama de colores<\/p>","protected":false},"featured_media":77824,"comment_status":"open","ping_status":"open","template":"","meta":{"inline_featured_image":false},"product_brand":[],"product_cat":[100,128],"product_tag":[],"class_list":{"0":"post-36144","1":"product","2":"type-product","3":"status-publish","4":"has-post-thumbnail","6":"product_cat-escritura","7":"product_cat-outlet","9":"first","10":"outofstock","11":"taxable","12":"shipping-taxable","13":"purchasable","14":"product-type-variable","15":"has-default-attributes"},"aioseo_notices":[],"_links":{"self":[{"href":"https:\/\/imprimeideas.es\/en\/wp-json\/wp\/v2\/product\/36144","targetHints":{"allow":["GET"]}}],"collection":[{"href":"https:\/\/imprimeideas.es\/en\/wp-json\/wp\/v2\/product"}],"about":[{"href":"https:\/\/imprimeideas.es\/en\/wp-json\/wp\/v2\/types\/product"}],"replies":[{"embeddable":true,"href":"https:\/\/imprimeideas.es\/en\/wp-json\/wp\/v2\/comments?post=36144"}],"version-history":[{"count":1,"href":"https:\/\/imprimeideas.es\/en\/wp-json\/wp\/v2\/product\/36144\/revisions"}],"predecessor-version":[{"id":60041,"href":"https:\/\/imprimeideas.es\/en\/wp-json\/wp\/v2\/product\/36144\/revisions\/60041"}],"wp:featuredmedia":[{"embeddable":true,"href":"https:\/\/imprimeideas.es\/en\/wp-json\/wp\/v2\/media\/77824"}],"wp:attachment":[{"href":"https:\/\/imprimeideas.es\/en\/wp-json\/wp\/v2\/media?parent=36144"}],"wp:term":[{"taxonomy":"product_brand","embeddable":true,"href":"https:\/\/imprimeideas.es\/en\/wp-json\/wp\/v2\/product_brand?post=36144"},{"taxonomy":"product_cat","embeddable":true,"href":"https:\/\/imprimeideas.es\/en\/wp-json\/wp\/v2\/product_cat?post=36144"},{"taxonomy":"product_tag","embeddable":true,"href":"https:\/\/imprimeideas.es\/en\/wp-json\/wp\/v2\/product_tag?post=36144"}],"curies":[{"name":"wp","href":"https:\/\/api.w.org\/{rel}","templated":true}]}}