{"id":36114,"date":"2026-02-24T11:11:05","date_gmt":"2026-02-24T10:11:05","guid":{"rendered":"https:\/\/imprimeideas.es\/?post_type=product&p=36114"},"modified":"2026-02-26T18:37:35","modified_gmt":"2026-02-26T17:37:35","slug":"funda-seguridad-hismal","status":"publish","type":"product","link":"https:\/\/imprimeideas.es\/en\/product\/funda-seguridad-hismal\/","title":{"rendered":"Funda Seguridad Hismal"},"content":{"rendered":"<p>Funda de seguridad con protecci\u00f3n RFID (Identificaci\u00f3n por Radio Frecuencia) que mantiene seguros los datos de tarjetas y otros dispositivos. En variada gama de colores y en resistente poli\u00e9ster. Tama\u00f1o ideal para smartphone y peque\u00f1os objetos.<\/p>","protected":false},"excerpt":{"rendered":"<p>Protector RFID<\/p>","protected":false},"featured_media":83275,"comment_status":"open","ping_status":"open","template":"","meta":{"inline_featured_image":false},"product_brand":[],"product_cat":[128,106,95,103],"product_tag":[],"class_list":{"0":"post-36114","1":"product","2":"type-product","3":"status-publish","4":"has-post-thumbnail","6":"product_cat-outlet","7":"product_cat-regalos-y-premiums","8":"product_cat-tecnologia-y-accesorios","9":"product_cat-viaje","11":"first","12":"instock","13":"taxable","14":"shipping-taxable","15":"purchasable","16":"product-type-variable","17":"has-default-attributes"},"aioseo_notices":[],"_links":{"self":[{"href":"https:\/\/imprimeideas.es\/en\/wp-json\/wp\/v2\/product\/36114","targetHints":{"allow":["GET"]}}],"collection":[{"href":"https:\/\/imprimeideas.es\/en\/wp-json\/wp\/v2\/product"}],"about":[{"href":"https:\/\/imprimeideas.es\/en\/wp-json\/wp\/v2\/types\/product"}],"replies":[{"embeddable":true,"href":"https:\/\/imprimeideas.es\/en\/wp-json\/wp\/v2\/comments?post=36114"}],"version-history":[{"count":1,"href":"https:\/\/imprimeideas.es\/en\/wp-json\/wp\/v2\/product\/36114\/revisions"}],"predecessor-version":[{"id":60033,"href":"https:\/\/imprimeideas.es\/en\/wp-json\/wp\/v2\/product\/36114\/revisions\/60033"}],"wp:featuredmedia":[{"embeddable":true,"href":"https:\/\/imprimeideas.es\/en\/wp-json\/wp\/v2\/media\/83275"}],"wp:attachment":[{"href":"https:\/\/imprimeideas.es\/en\/wp-json\/wp\/v2\/media?parent=36114"}],"wp:term":[{"taxonomy":"product_brand","embeddable":true,"href":"https:\/\/imprimeideas.es\/en\/wp-json\/wp\/v2\/product_brand?post=36114"},{"taxonomy":"product_cat","embeddable":true,"href":"https:\/\/imprimeideas.es\/en\/wp-json\/wp\/v2\/product_cat?post=36114"},{"taxonomy":"product_tag","embeddable":true,"href":"https:\/\/imprimeideas.es\/en\/wp-json\/wp\/v2\/product_tag?post=36114"}],"curies":[{"name":"wp","href":"https:\/\/api.w.org\/{rel}","templated":true}]}}