{"id":36102,"date":"2026-02-24T11:11:05","date_gmt":"2026-02-24T10:11:05","guid":{"rendered":"https:\/\/imprimeideas.es\/?post_type=product&p=36102"},"modified":"2026-02-26T18:19:11","modified_gmt":"2026-02-26T17:19:11","slug":"bloc-notas-rasmor","status":"publish","type":"product","link":"https:\/\/imprimeideas.es\/en\/product\/bloc-notas-rasmor\/","title":{"rendered":"Bloc Notas Rasmor"},"content":{"rendered":"<p>Bloc de notas en original polipiel veteada s\u00edmil madera y en amplia gama de colores. Con bol\u00edgrafo de cart\u00f3n reciclado incluido. De dise\u00f1o ecol\u00f3gico, con tapas de suave tacto y cierre de el\u00e1stico. Con soporte para el bol\u00edgrafo integrado, bloc de 70 hojas con distribuci\u00f3n a una raya, 25 notas adhesivas medianas y 125 mini notas adhesivas.<\/p>","protected":false},"excerpt":{"rendered":"<p>Bloc 70 Hojas. 25 Notas Adhesivas 7,5 x 7,5 cm. 125 Mininotas Adhesivas 1,2 x 4,5 cm. Bol\u00edgrafo Cart\u00f3n Reciclado Incluido<\/p>","protected":false},"featured_media":84139,"comment_status":"open","ping_status":"open","template":"","meta":{"inline_featured_image":false},"product_brand":[],"product_cat":[122,96],"product_tag":[],"class_list":{"0":"post-36102","1":"product","2":"type-product","3":"status-publish","4":"has-post-thumbnail","6":"product_cat-articulos-sostenibles","7":"product_cat-oficina-y-negocios","9":"first","10":"outofstock","11":"taxable","12":"shipping-taxable","13":"purchasable","14":"product-type-variable","15":"has-default-attributes"},"aioseo_notices":[],"_links":{"self":[{"href":"https:\/\/imprimeideas.es\/en\/wp-json\/wp\/v2\/product\/36102","targetHints":{"allow":["GET"]}}],"collection":[{"href":"https:\/\/imprimeideas.es\/en\/wp-json\/wp\/v2\/product"}],"about":[{"href":"https:\/\/imprimeideas.es\/en\/wp-json\/wp\/v2\/types\/product"}],"replies":[{"embeddable":true,"href":"https:\/\/imprimeideas.es\/en\/wp-json\/wp\/v2\/comments?post=36102"}],"version-history":[{"count":1,"href":"https:\/\/imprimeideas.es\/en\/wp-json\/wp\/v2\/product\/36102\/revisions"}],"predecessor-version":[{"id":60028,"href":"https:\/\/imprimeideas.es\/en\/wp-json\/wp\/v2\/product\/36102\/revisions\/60028"}],"wp:featuredmedia":[{"embeddable":true,"href":"https:\/\/imprimeideas.es\/en\/wp-json\/wp\/v2\/media\/84139"}],"wp:attachment":[{"href":"https:\/\/imprimeideas.es\/en\/wp-json\/wp\/v2\/media?parent=36102"}],"wp:term":[{"taxonomy":"product_brand","embeddable":true,"href":"https:\/\/imprimeideas.es\/en\/wp-json\/wp\/v2\/product_brand?post=36102"},{"taxonomy":"product_cat","embeddable":true,"href":"https:\/\/imprimeideas.es\/en\/wp-json\/wp\/v2\/product_cat?post=36102"},{"taxonomy":"product_tag","embeddable":true,"href":"https:\/\/imprimeideas.es\/en\/wp-json\/wp\/v2\/product_tag?post=36102"}],"curies":[{"name":"wp","href":"https:\/\/api.w.org\/{rel}","templated":true}]}}