{"id":36088,"date":"2026-02-24T11:11:03","date_gmt":"2026-02-24T10:11:03","guid":{"rendered":"https:\/\/imprimeideas.es\/?post_type=product&p=36088"},"modified":"2026-02-26T18:08:16","modified_gmt":"2026-02-26T17:08:16","slug":"boligrafo-puntero-yaret","status":"publish","type":"product","link":"https:\/\/imprimeideas.es\/en\/product\/boligrafo-puntero-yaret\/","title":{"rendered":"Bol\u00edgrafo Puntero Yaret"},"content":{"rendered":"<p>Bol\u00edgrafo puntero de mecanismo giratorio con cuerpo de acabado s\u00f3lido en color negro y pulsador en variada gama de colores. Clip met\u00e1lico en color negro. Especialmente dise\u00f1ado para marcaje en l\u00e1ser y con un recubrimiento exterior especial para que tu publicidad quede perfectamente grabada, a juego con el color del puntero. Cartucho jumbo y tinta azul.<\/p>","protected":false},"excerpt":{"rendered":"<p>Carga Jumbo<\/p>","protected":false},"featured_media":79598,"comment_status":"open","ping_status":"open","template":"","meta":{"inline_featured_image":false},"product_brand":[],"product_cat":[100],"product_tag":[],"class_list":{"0":"post-36088","1":"product","2":"type-product","3":"status-publish","4":"has-post-thumbnail","6":"product_cat-escritura","8":"first","9":"instock","10":"taxable","11":"shipping-taxable","12":"purchasable","13":"product-type-variable","14":"has-default-attributes"},"aioseo_notices":[],"_links":{"self":[{"href":"https:\/\/imprimeideas.es\/en\/wp-json\/wp\/v2\/product\/36088","targetHints":{"allow":["GET"]}}],"collection":[{"href":"https:\/\/imprimeideas.es\/en\/wp-json\/wp\/v2\/product"}],"about":[{"href":"https:\/\/imprimeideas.es\/en\/wp-json\/wp\/v2\/types\/product"}],"replies":[{"embeddable":true,"href":"https:\/\/imprimeideas.es\/en\/wp-json\/wp\/v2\/comments?post=36088"}],"version-history":[{"count":1,"href":"https:\/\/imprimeideas.es\/en\/wp-json\/wp\/v2\/product\/36088\/revisions"}],"predecessor-version":[{"id":60021,"href":"https:\/\/imprimeideas.es\/en\/wp-json\/wp\/v2\/product\/36088\/revisions\/60021"}],"wp:featuredmedia":[{"embeddable":true,"href":"https:\/\/imprimeideas.es\/en\/wp-json\/wp\/v2\/media\/79598"}],"wp:attachment":[{"href":"https:\/\/imprimeideas.es\/en\/wp-json\/wp\/v2\/media?parent=36088"}],"wp:term":[{"taxonomy":"product_brand","embeddable":true,"href":"https:\/\/imprimeideas.es\/en\/wp-json\/wp\/v2\/product_brand?post=36088"},{"taxonomy":"product_cat","embeddable":true,"href":"https:\/\/imprimeideas.es\/en\/wp-json\/wp\/v2\/product_cat?post=36088"},{"taxonomy":"product_tag","embeddable":true,"href":"https:\/\/imprimeideas.es\/en\/wp-json\/wp\/v2\/product_tag?post=36088"}],"curies":[{"name":"wp","href":"https:\/\/api.w.org\/{rel}","templated":true}]}}