{"id":36006,"date":"2026-02-24T11:10:42","date_gmt":"2026-02-24T10:10:42","guid":{"rendered":"https:\/\/imprimeideas.es\/?post_type=product&p=36006"},"modified":"2026-02-26T18:42:39","modified_gmt":"2026-02-26T17:42:39","slug":"braga-gorro-ponkar","status":"publish","type":"product","link":"https:\/\/imprimeideas.es\/en\/product\/braga-gorro-ponkar\/","title":{"rendered":"Braga Gorro Ponkar"},"content":{"rendered":"<p>Braga de alta calidad para cuello o cabeza en combinaci\u00f3n de materiales poli\u00e9ster\/spandex y coral fleece de 280g\/m2. Color blanco ideal para sublimaci\u00f3n y resto de gama de colores ideales para una f\u00e1cil impresi\u00f3n. Con accesorios en color negro y cierre de cord\u00f3n con accesorio de ajuste.<\/p>","protected":false},"excerpt":{"rendered":"<p>Braga de alta calidad para cuello o cabeza en combinaci\u00f3n de materiales poli\u00e9ster\/spandex y coral fleece de 280g\/m2. Color blanco<\/p>","protected":false},"featured_media":85471,"comment_status":"open","ping_status":"open","template":"","meta":{"inline_featured_image":false},"product_brand":[],"product_cat":[118,115],"product_tag":[],"class_list":{"0":"post-36006","1":"product","2":"type-product","3":"status-publish","4":"has-post-thumbnail","6":"product_cat-lluvia-y-frio","7":"product_cat-sublimacion","9":"first","10":"instock","11":"taxable","12":"shipping-taxable","13":"purchasable","14":"product-type-variable","15":"has-default-attributes"},"aioseo_notices":[],"_links":{"self":[{"href":"https:\/\/imprimeideas.es\/en\/wp-json\/wp\/v2\/product\/36006","targetHints":{"allow":["GET"]}}],"collection":[{"href":"https:\/\/imprimeideas.es\/en\/wp-json\/wp\/v2\/product"}],"about":[{"href":"https:\/\/imprimeideas.es\/en\/wp-json\/wp\/v2\/types\/product"}],"replies":[{"embeddable":true,"href":"https:\/\/imprimeideas.es\/en\/wp-json\/wp\/v2\/comments?post=36006"}],"version-history":[{"count":1,"href":"https:\/\/imprimeideas.es\/en\/wp-json\/wp\/v2\/product\/36006\/revisions"}],"predecessor-version":[{"id":59993,"href":"https:\/\/imprimeideas.es\/en\/wp-json\/wp\/v2\/product\/36006\/revisions\/59993"}],"wp:featuredmedia":[{"embeddable":true,"href":"https:\/\/imprimeideas.es\/en\/wp-json\/wp\/v2\/media\/85471"}],"wp:attachment":[{"href":"https:\/\/imprimeideas.es\/en\/wp-json\/wp\/v2\/media?parent=36006"}],"wp:term":[{"taxonomy":"product_brand","embeddable":true,"href":"https:\/\/imprimeideas.es\/en\/wp-json\/wp\/v2\/product_brand?post=36006"},{"taxonomy":"product_cat","embeddable":true,"href":"https:\/\/imprimeideas.es\/en\/wp-json\/wp\/v2\/product_cat?post=36006"},{"taxonomy":"product_tag","embeddable":true,"href":"https:\/\/imprimeideas.es\/en\/wp-json\/wp\/v2\/product_tag?post=36006"}],"curies":[{"name":"wp","href":"https:\/\/api.w.org\/{rel}","templated":true}]}}