{"id":35514,"date":"2026-02-24T11:09:58","date_gmt":"2026-02-24T10:09:58","guid":{"rendered":"https:\/\/imprimeideas.es\/?post_type=product&p=35514"},"modified":"2026-02-26T18:27:55","modified_gmt":"2026-02-26T17:27:55","slug":"sudadera-adulto-con-capucha-keya-swp280","status":"publish","type":"product","link":"https:\/\/imprimeideas.es\/en\/product\/sudadera-adulto-con-capucha-keya-swp280\/","title":{"rendered":"Sudadera Adulto con Capucha \u00abkeya\u00bb SWP280"},"content":{"rendered":"<p>Sudadera para adulto Keya SWP280 en combinaci\u00f3n de materiales algod\u00f3n y poli\u00e9ster de 280g\/m2. Con capucha, cordones a juego y bolsillo frontal. Disponible en extensa gama de vivos colores y en tallas S, M, L, XL, XXL, 3XL.<\/p>","protected":false},"excerpt":{"rendered":"<p>Sudadera para adulto Keya SWP280 en combinaci\u00f3n de materiales algod\u00f3n y poli\u00e9ster de 280g\/m2. Con capucha, cordones a juego y<\/p>","protected":false},"featured_media":61539,"comment_status":"open","ping_status":"open","template":"","meta":{"inline_featured_image":false},"product_brand":[2087],"product_cat":[116],"product_tag":[],"class_list":{"0":"post-35514","1":"product","2":"type-product","3":"status-publish","4":"has-post-thumbnail","6":"product_brand-keya","7":"product_cat-textil","9":"first","10":"instock","11":"taxable","12":"shipping-taxable","13":"purchasable","14":"product-type-variable","15":"has-default-attributes"},"aioseo_notices":[],"_links":{"self":[{"href":"https:\/\/imprimeideas.es\/en\/wp-json\/wp\/v2\/product\/35514","targetHints":{"allow":["GET"]}}],"collection":[{"href":"https:\/\/imprimeideas.es\/en\/wp-json\/wp\/v2\/product"}],"about":[{"href":"https:\/\/imprimeideas.es\/en\/wp-json\/wp\/v2\/types\/product"}],"replies":[{"embeddable":true,"href":"https:\/\/imprimeideas.es\/en\/wp-json\/wp\/v2\/comments?post=35514"}],"version-history":[{"count":1,"href":"https:\/\/imprimeideas.es\/en\/wp-json\/wp\/v2\/product\/35514\/revisions"}],"predecessor-version":[{"id":59964,"href":"https:\/\/imprimeideas.es\/en\/wp-json\/wp\/v2\/product\/35514\/revisions\/59964"}],"wp:featuredmedia":[{"embeddable":true,"href":"https:\/\/imprimeideas.es\/en\/wp-json\/wp\/v2\/media\/61539"}],"wp:attachment":[{"href":"https:\/\/imprimeideas.es\/en\/wp-json\/wp\/v2\/media?parent=35514"}],"wp:term":[{"taxonomy":"product_brand","embeddable":true,"href":"https:\/\/imprimeideas.es\/en\/wp-json\/wp\/v2\/product_brand?post=35514"},{"taxonomy":"product_cat","embeddable":true,"href":"https:\/\/imprimeideas.es\/en\/wp-json\/wp\/v2\/product_cat?post=35514"},{"taxonomy":"product_tag","embeddable":true,"href":"https:\/\/imprimeideas.es\/en\/wp-json\/wp\/v2\/product_tag?post=35514"}],"curies":[{"name":"wp","href":"https:\/\/api.w.org\/{rel}","templated":true}]}}