{"id":35140,"date":"2026-02-24T11:09:24","date_gmt":"2026-02-24T10:09:24","guid":{"rendered":"https:\/\/imprimeideas.es\/?post_type=product&p=35140"},"modified":"2026-02-26T01:58:10","modified_gmt":"2026-02-26T00:58:10","slug":"estuche-presentacion-hamlet","status":"publish","type":"product","link":"https:\/\/imprimeideas.es\/en\/product\/estuche-presentacion-hamlet\/","title":{"rendered":"Estuche Presentaci\u00f3n Hamlet"},"content":{"rendered":"<p>Estuche de presentaci\u00f3n para memoria USB en atrevidos colores y acabado en cart\u00f3n brillante.<\/p>","protected":false},"excerpt":{"rendered":"<p>Estuche de presentaci\u00f3n para memoria USB en atrevidos colores y acabado en cart\u00f3n brillante.<\/p>","protected":false},"featured_media":69579,"comment_status":"open","ping_status":"open","template":"","meta":{"inline_featured_image":false},"product_brand":[],"product_cat":[287,128],"product_tag":[],"class_list":{"0":"post-35140","1":"product","2":"type-product","3":"status-publish","4":"has-post-thumbnail","6":"product_cat-embalaje-especial","7":"product_cat-outlet","9":"first","10":"outofstock","11":"taxable","12":"shipping-taxable","13":"purchasable","14":"product-type-variable","15":"has-default-attributes"},"aioseo_notices":[],"_links":{"self":[{"href":"https:\/\/imprimeideas.es\/en\/wp-json\/wp\/v2\/product\/35140","targetHints":{"allow":["GET"]}}],"collection":[{"href":"https:\/\/imprimeideas.es\/en\/wp-json\/wp\/v2\/product"}],"about":[{"href":"https:\/\/imprimeideas.es\/en\/wp-json\/wp\/v2\/types\/product"}],"replies":[{"embeddable":true,"href":"https:\/\/imprimeideas.es\/en\/wp-json\/wp\/v2\/comments?post=35140"}],"version-history":[{"count":1,"href":"https:\/\/imprimeideas.es\/en\/wp-json\/wp\/v2\/product\/35140\/revisions"}],"predecessor-version":[{"id":59647,"href":"https:\/\/imprimeideas.es\/en\/wp-json\/wp\/v2\/product\/35140\/revisions\/59647"}],"wp:featuredmedia":[{"embeddable":true,"href":"https:\/\/imprimeideas.es\/en\/wp-json\/wp\/v2\/media\/69579"}],"wp:attachment":[{"href":"https:\/\/imprimeideas.es\/en\/wp-json\/wp\/v2\/media?parent=35140"}],"wp:term":[{"taxonomy":"product_brand","embeddable":true,"href":"https:\/\/imprimeideas.es\/en\/wp-json\/wp\/v2\/product_brand?post=35140"},{"taxonomy":"product_cat","embeddable":true,"href":"https:\/\/imprimeideas.es\/en\/wp-json\/wp\/v2\/product_cat?post=35140"},{"taxonomy":"product_tag","embeddable":true,"href":"https:\/\/imprimeideas.es\/en\/wp-json\/wp\/v2\/product_tag?post=35140"}],"curies":[{"name":"wp","href":"https:\/\/api.w.org\/{rel}","templated":true}]}}