{"id":35119,"date":"2026-02-24T11:09:22","date_gmt":"2026-02-24T10:09:22","guid":{"rendered":"https:\/\/imprimeideas.es\/?post_type=product&p=35119"},"modified":"2026-02-26T18:08:10","modified_gmt":"2026-02-26T17:08:10","slug":"memoria-usb-drelan-8gb","status":"publish","type":"product","link":"https:\/\/imprimeideas.es\/en\/product\/memoria-usb-drelan-8gb\/","title":{"rendered":"Memoria USB Drelan 8GB"},"content":{"rendered":"<p>Memoria USB de 8GB de capacidad de acabado met\u00e1lico y con original dise\u00f1o de mosquet\u00f3n con cierre en variada gama de colores. Presentada en estuche met\u00e1lico individual con ventana e interior troquelado en suave espuma.<\/p>","protected":false},"excerpt":{"rendered":"<p>Memoria USB de 8GB de capacidad de acabado met\u00e1lico y con original dise\u00f1o de mosquet\u00f3n con cierre en variada gama<\/p>","protected":false},"featured_media":78557,"comment_status":"open","ping_status":"open","template":"","meta":{"inline_featured_image":false},"product_brand":[],"product_cat":[128,95,787],"product_tag":[],"class_list":{"0":"post-35119","1":"product","2":"type-product","3":"status-publish","4":"has-post-thumbnail","6":"product_cat-outlet","7":"product_cat-tecnologia-y-accesorios","8":"product_cat-usb-stock","10":"first","11":"outofstock","12":"taxable","13":"shipping-taxable","14":"purchasable","15":"product-type-variable","16":"has-default-attributes"},"aioseo_notices":[],"_links":{"self":[{"href":"https:\/\/imprimeideas.es\/en\/wp-json\/wp\/v2\/product\/35119","targetHints":{"allow":["GET"]}}],"collection":[{"href":"https:\/\/imprimeideas.es\/en\/wp-json\/wp\/v2\/product"}],"about":[{"href":"https:\/\/imprimeideas.es\/en\/wp-json\/wp\/v2\/types\/product"}],"replies":[{"embeddable":true,"href":"https:\/\/imprimeideas.es\/en\/wp-json\/wp\/v2\/comments?post=35119"}],"version-history":[{"count":1,"href":"https:\/\/imprimeideas.es\/en\/wp-json\/wp\/v2\/product\/35119\/revisions"}],"predecessor-version":[{"id":59915,"href":"https:\/\/imprimeideas.es\/en\/wp-json\/wp\/v2\/product\/35119\/revisions\/59915"}],"wp:featuredmedia":[{"embeddable":true,"href":"https:\/\/imprimeideas.es\/en\/wp-json\/wp\/v2\/media\/78557"}],"wp:attachment":[{"href":"https:\/\/imprimeideas.es\/en\/wp-json\/wp\/v2\/media?parent=35119"}],"wp:term":[{"taxonomy":"product_brand","embeddable":true,"href":"https:\/\/imprimeideas.es\/en\/wp-json\/wp\/v2\/product_brand?post=35119"},{"taxonomy":"product_cat","embeddable":true,"href":"https:\/\/imprimeideas.es\/en\/wp-json\/wp\/v2\/product_cat?post=35119"},{"taxonomy":"product_tag","embeddable":true,"href":"https:\/\/imprimeideas.es\/en\/wp-json\/wp\/v2\/product_tag?post=35119"}],"curies":[{"name":"wp","href":"https:\/\/api.w.org\/{rel}","templated":true}]}}