{"id":35102,"date":"2026-02-24T11:09:21","date_gmt":"2026-02-24T10:09:21","guid":{"rendered":"https:\/\/imprimeideas.es\/?post_type=product&p=35102"},"modified":"2026-02-26T18:42:39","modified_gmt":"2026-02-26T17:42:39","slug":"pulsera-sublimacion-waylen","status":"publish","type":"product","link":"https:\/\/imprimeideas.es\/en\/product\/pulsera-sublimacion-waylen\/","title":{"rendered":"Pulsera Sublimaci\u00f3n Waylen"},"content":{"rendered":"<p>Pulsera en resistente y suave poli\u00e9ster, especialmente dise\u00f1ada para personalizaci\u00f3n total en sublimaci\u00f3n para pedidos a partir de 250 piezas.<\/p>","protected":false},"excerpt":{"rendered":"<p>Pulsera en resistente y suave poli\u00e9ster, especialmente dise\u00f1ada para personalizaci\u00f3n total en sublimaci\u00f3n para pedidos a partir de 250 piezas.<\/p>","protected":false},"featured_media":68952,"comment_status":"open","ping_status":"open","template":"","meta":{"inline_featured_image":false},"product_brand":[],"product_cat":[113,115],"product_tag":[],"class_list":{"0":"post-35102","1":"product","2":"type-product","3":"status-publish","4":"has-post-thumbnail","6":"product_cat-eventos-y-fiesta","7":"product_cat-sublimacion","9":"first","10":"instock","11":"taxable","12":"shipping-taxable","13":"purchasable","14":"product-type-variable","15":"has-default-attributes"},"aioseo_notices":[],"_links":{"self":[{"href":"https:\/\/imprimeideas.es\/en\/wp-json\/wp\/v2\/product\/35102","targetHints":{"allow":["GET"]}}],"collection":[{"href":"https:\/\/imprimeideas.es\/en\/wp-json\/wp\/v2\/product"}],"about":[{"href":"https:\/\/imprimeideas.es\/en\/wp-json\/wp\/v2\/types\/product"}],"replies":[{"embeddable":true,"href":"https:\/\/imprimeideas.es\/en\/wp-json\/wp\/v2\/comments?post=35102"}],"version-history":[{"count":1,"href":"https:\/\/imprimeideas.es\/en\/wp-json\/wp\/v2\/product\/35102\/revisions"}],"predecessor-version":[{"id":59950,"href":"https:\/\/imprimeideas.es\/en\/wp-json\/wp\/v2\/product\/35102\/revisions\/59950"}],"wp:featuredmedia":[{"embeddable":true,"href":"https:\/\/imprimeideas.es\/en\/wp-json\/wp\/v2\/media\/68952"}],"wp:attachment":[{"href":"https:\/\/imprimeideas.es\/en\/wp-json\/wp\/v2\/media?parent=35102"}],"wp:term":[{"taxonomy":"product_brand","embeddable":true,"href":"https:\/\/imprimeideas.es\/en\/wp-json\/wp\/v2\/product_brand?post=35102"},{"taxonomy":"product_cat","embeddable":true,"href":"https:\/\/imprimeideas.es\/en\/wp-json\/wp\/v2\/product_cat?post=35102"},{"taxonomy":"product_tag","embeddable":true,"href":"https:\/\/imprimeideas.es\/en\/wp-json\/wp\/v2\/product_tag?post=35102"}],"curies":[{"name":"wp","href":"https:\/\/api.w.org\/{rel}","templated":true}]}}