{"id":35098,"date":"2026-02-24T11:09:21","date_gmt":"2026-02-24T10:09:21","guid":{"rendered":"https:\/\/imprimeideas.es\/?post_type=product&p=35098"},"modified":"2026-02-25T15:57:30","modified_gmt":"2026-02-25T14:57:30","slug":"set-vinos-sousky","status":"publish","type":"product","link":"https:\/\/imprimeideas.es\/en\/product\/set-vinos-sousky\/","title":{"rendered":"Set Vinos Sousky"},"content":{"rendered":"<p>Original set de vinos en forma de botella de vino de acabado brillante, cierre magn\u00e9tico y accesorios de acero inox. Incluye sacacorchos con cortac\u00e1psulas y abridor, tap\u00f3n dosificador, recogegotas, cortac\u00e1psulas y tap\u00f3n. Presentado en estuche individual con interior en suave espuma troquelada.<\/p>","protected":false},"excerpt":{"rendered":"<p>3 Accesorios<\/p>","protected":false},"featured_media":62151,"comment_status":"open","ping_status":"open","template":"","meta":{"inline_featured_image":false},"product_brand":[],"product_cat":[105],"product_tag":[],"class_list":{"0":"post-35098","1":"product","2":"type-product","3":"status-publish","4":"has-post-thumbnail","6":"product_cat-vino-accesorios-de-bebida-y-hosteleria","8":"first","9":"outofstock","10":"taxable","11":"shipping-taxable","12":"purchasable","13":"product-type-variable","14":"has-default-attributes"},"aioseo_notices":[],"_links":{"self":[{"href":"https:\/\/imprimeideas.es\/en\/wp-json\/wp\/v2\/product\/35098","targetHints":{"allow":["GET"]}}],"collection":[{"href":"https:\/\/imprimeideas.es\/en\/wp-json\/wp\/v2\/product"}],"about":[{"href":"https:\/\/imprimeideas.es\/en\/wp-json\/wp\/v2\/types\/product"}],"replies":[{"embeddable":true,"href":"https:\/\/imprimeideas.es\/en\/wp-json\/wp\/v2\/comments?post=35098"}],"version-history":[{"count":1,"href":"https:\/\/imprimeideas.es\/en\/wp-json\/wp\/v2\/product\/35098\/revisions"}],"predecessor-version":[{"id":59944,"href":"https:\/\/imprimeideas.es\/en\/wp-json\/wp\/v2\/product\/35098\/revisions\/59944"}],"wp:featuredmedia":[{"embeddable":true,"href":"https:\/\/imprimeideas.es\/en\/wp-json\/wp\/v2\/media\/62151"}],"wp:attachment":[{"href":"https:\/\/imprimeideas.es\/en\/wp-json\/wp\/v2\/media?parent=35098"}],"wp:term":[{"taxonomy":"product_brand","embeddable":true,"href":"https:\/\/imprimeideas.es\/en\/wp-json\/wp\/v2\/product_brand?post=35098"},{"taxonomy":"product_cat","embeddable":true,"href":"https:\/\/imprimeideas.es\/en\/wp-json\/wp\/v2\/product_cat?post=35098"},{"taxonomy":"product_tag","embeddable":true,"href":"https:\/\/imprimeideas.es\/en\/wp-json\/wp\/v2\/product_tag?post=35098"}],"curies":[{"name":"wp","href":"https:\/\/api.w.org\/{rel}","templated":true}]}}