{"id":35080,"date":"2026-02-24T11:09:19","date_gmt":"2026-02-24T10:09:19","guid":{"rendered":"https:\/\/imprimeideas.es\/?post_type=product&p=35080"},"modified":"2026-02-26T18:28:07","modified_gmt":"2026-02-26T17:28:07","slug":"linterna-bimox","status":"publish","type":"product","link":"https:\/\/imprimeideas.es\/en\/product\/linterna-bimox\/","title":{"rendered":"Linterna Bimox"},"content":{"rendered":"<p>Linterna llavero led en variados colores de acabado brillante con interior iluminado. Superficie exterior especialmente dise\u00f1ada para marcaje en l\u00e1ser y as\u00ed iluminar el logotipo marcado. Pilas de bot\u00f3n incluidas.<\/p>","protected":false},"excerpt":{"rendered":"<p>1 Led. Pilas Bot\u00f3n Incluidas<\/p>","protected":false},"featured_media":78942,"comment_status":"open","ping_status":"open","template":"","meta":{"inline_featured_image":false},"product_brand":[],"product_cat":[106,95],"product_tag":[],"class_list":{"0":"post-35080","1":"product","2":"type-product","3":"status-publish","4":"has-post-thumbnail","6":"product_cat-regalos-y-premiums","7":"product_cat-tecnologia-y-accesorios","9":"first","10":"instock","11":"taxable","12":"shipping-taxable","13":"purchasable","14":"product-type-variable","15":"has-default-attributes"},"aioseo_notices":[],"_links":{"self":[{"href":"https:\/\/imprimeideas.es\/en\/wp-json\/wp\/v2\/product\/35080","targetHints":{"allow":["GET"]}}],"collection":[{"href":"https:\/\/imprimeideas.es\/en\/wp-json\/wp\/v2\/product"}],"about":[{"href":"https:\/\/imprimeideas.es\/en\/wp-json\/wp\/v2\/types\/product"}],"replies":[{"embeddable":true,"href":"https:\/\/imprimeideas.es\/en\/wp-json\/wp\/v2\/comments?post=35080"}],"version-history":[{"count":1,"href":"https:\/\/imprimeideas.es\/en\/wp-json\/wp\/v2\/product\/35080\/revisions"}],"predecessor-version":[{"id":59940,"href":"https:\/\/imprimeideas.es\/en\/wp-json\/wp\/v2\/product\/35080\/revisions\/59940"}],"wp:featuredmedia":[{"embeddable":true,"href":"https:\/\/imprimeideas.es\/en\/wp-json\/wp\/v2\/media\/78942"}],"wp:attachment":[{"href":"https:\/\/imprimeideas.es\/en\/wp-json\/wp\/v2\/media?parent=35080"}],"wp:term":[{"taxonomy":"product_brand","embeddable":true,"href":"https:\/\/imprimeideas.es\/en\/wp-json\/wp\/v2\/product_brand?post=35080"},{"taxonomy":"product_cat","embeddable":true,"href":"https:\/\/imprimeideas.es\/en\/wp-json\/wp\/v2\/product_cat?post=35080"},{"taxonomy":"product_tag","embeddable":true,"href":"https:\/\/imprimeideas.es\/en\/wp-json\/wp\/v2\/product_tag?post=35080"}],"curies":[{"name":"wp","href":"https:\/\/api.w.org\/{rel}","templated":true}]}}