{"id":35048,"date":"2026-02-24T11:09:17","date_gmt":"2026-02-24T10:09:17","guid":{"rendered":"https:\/\/imprimeideas.es\/?post_type=product&p=35048"},"modified":"2026-02-26T18:32:51","modified_gmt":"2026-02-26T17:32:51","slug":"gorro-holsen","status":"publish","type":"product","link":"https:\/\/imprimeideas.es\/en\/product\/gorro-holsen\/","title":{"rendered":"Gorro Holsen"},"content":{"rendered":"<p>Suave y c\u00e1lido gorro de punto en poli\u00e9ster el\u00e1stico de doble capa. Con banda frontal a juego para marcaje y disponible en variada gama de colores.<\/p>","protected":false},"excerpt":{"rendered":"<p>Suave y c\u00e1lido gorro de punto en poli\u00e9ster el\u00e1stico de doble capa. Con banda frontal a juego para marcaje y<\/p>","protected":false},"featured_media":74081,"comment_status":"open","ping_status":"open","template":"","meta":{"inline_featured_image":false},"product_brand":[],"product_cat":[112,118],"product_tag":[],"class_list":{"0":"post-35048","1":"product","2":"type-product","3":"status-publish","4":"has-post-thumbnail","6":"product_cat-gorras-y-sombreros","7":"product_cat-lluvia-y-frio","9":"first","10":"instock","11":"taxable","12":"shipping-taxable","13":"purchasable","14":"product-type-variable","15":"has-default-attributes"},"aioseo_notices":[],"_links":{"self":[{"href":"https:\/\/imprimeideas.es\/en\/wp-json\/wp\/v2\/product\/35048","targetHints":{"allow":["GET"]}}],"collection":[{"href":"https:\/\/imprimeideas.es\/en\/wp-json\/wp\/v2\/product"}],"about":[{"href":"https:\/\/imprimeideas.es\/en\/wp-json\/wp\/v2\/types\/product"}],"replies":[{"embeddable":true,"href":"https:\/\/imprimeideas.es\/en\/wp-json\/wp\/v2\/comments?post=35048"}],"version-history":[{"count":1,"href":"https:\/\/imprimeideas.es\/en\/wp-json\/wp\/v2\/product\/35048\/revisions"}],"predecessor-version":[{"id":59934,"href":"https:\/\/imprimeideas.es\/en\/wp-json\/wp\/v2\/product\/35048\/revisions\/59934"}],"wp:featuredmedia":[{"embeddable":true,"href":"https:\/\/imprimeideas.es\/en\/wp-json\/wp\/v2\/media\/74081"}],"wp:attachment":[{"href":"https:\/\/imprimeideas.es\/en\/wp-json\/wp\/v2\/media?parent=35048"}],"wp:term":[{"taxonomy":"product_brand","embeddable":true,"href":"https:\/\/imprimeideas.es\/en\/wp-json\/wp\/v2\/product_brand?post=35048"},{"taxonomy":"product_cat","embeddable":true,"href":"https:\/\/imprimeideas.es\/en\/wp-json\/wp\/v2\/product_cat?post=35048"},{"taxonomy":"product_tag","embeddable":true,"href":"https:\/\/imprimeideas.es\/en\/wp-json\/wp\/v2\/product_tag?post=35048"}],"curies":[{"name":"wp","href":"https:\/\/api.w.org\/{rel}","templated":true}]}}