{"id":35042,"date":"2026-02-24T11:09:16","date_gmt":"2026-02-24T10:09:16","guid":{"rendered":"https:\/\/imprimeideas.es\/?post_type=product&p=35042"},"modified":"2026-02-26T18:28:04","modified_gmt":"2026-02-26T17:28:04","slug":"boligrafo-teins","status":"publish","type":"product","link":"https:\/\/imprimeideas.es\/en\/product\/boligrafo-teins\/","title":{"rendered":"Bol\u00edgrafo Teins"},"content":{"rendered":"<p>Original bol\u00edgrafo de mecanismo pulsador con dise\u00f1o cuadrangular y suave tira de tela a juego integrada en cuerpo. En variada gama de vivos colores y con clip rectangular para marcaje. Tinta azul.<\/p>","protected":false},"excerpt":{"rendered":"<p>Original bol\u00edgrafo de mecanismo pulsador con dise\u00f1o cuadrangular y suave tira de tela a juego integrada en cuerpo. En variada<\/p>","protected":false},"featured_media":71251,"comment_status":"open","ping_status":"open","template":"","meta":{"inline_featured_image":false},"product_brand":[],"product_cat":[100,128],"product_tag":[],"class_list":{"0":"post-35042","1":"product","2":"type-product","3":"status-publish","4":"has-post-thumbnail","6":"product_cat-escritura","7":"product_cat-outlet","9":"first","10":"outofstock","11":"taxable","12":"shipping-taxable","13":"purchasable","14":"product-type-variable","15":"has-default-attributes"},"aioseo_notices":[],"_links":{"self":[{"href":"https:\/\/imprimeideas.es\/en\/wp-json\/wp\/v2\/product\/35042","targetHints":{"allow":["GET"]}}],"collection":[{"href":"https:\/\/imprimeideas.es\/en\/wp-json\/wp\/v2\/product"}],"about":[{"href":"https:\/\/imprimeideas.es\/en\/wp-json\/wp\/v2\/types\/product"}],"replies":[{"embeddable":true,"href":"https:\/\/imprimeideas.es\/en\/wp-json\/wp\/v2\/comments?post=35042"}],"version-history":[{"count":1,"href":"https:\/\/imprimeideas.es\/en\/wp-json\/wp\/v2\/product\/35042\/revisions"}],"predecessor-version":[{"id":59932,"href":"https:\/\/imprimeideas.es\/en\/wp-json\/wp\/v2\/product\/35042\/revisions\/59932"}],"wp:featuredmedia":[{"embeddable":true,"href":"https:\/\/imprimeideas.es\/en\/wp-json\/wp\/v2\/media\/71251"}],"wp:attachment":[{"href":"https:\/\/imprimeideas.es\/en\/wp-json\/wp\/v2\/media?parent=35042"}],"wp:term":[{"taxonomy":"product_brand","embeddable":true,"href":"https:\/\/imprimeideas.es\/en\/wp-json\/wp\/v2\/product_brand?post=35042"},{"taxonomy":"product_cat","embeddable":true,"href":"https:\/\/imprimeideas.es\/en\/wp-json\/wp\/v2\/product_cat?post=35042"},{"taxonomy":"product_tag","embeddable":true,"href":"https:\/\/imprimeideas.es\/en\/wp-json\/wp\/v2\/product_tag?post=35042"}],"curies":[{"name":"wp","href":"https:\/\/api.w.org\/{rel}","templated":true}]}}