{"id":35021,"date":"2026-02-24T11:09:14","date_gmt":"2026-02-24T10:09:14","guid":{"rendered":"https:\/\/imprimeideas.es\/?post_type=product&p=35021"},"modified":"2026-02-26T18:19:18","modified_gmt":"2026-02-26T17:19:18","slug":"tapa-webcam-joystick-maint","status":"publish","type":"product","link":"https:\/\/imprimeideas.es\/en\/product\/tapa-webcam-joystick-maint\/","title":{"rendered":"Tapa Webcam Joystick Maint"},"content":{"rendered":"<p>Tapa para c\u00e1mara webcam para proteger la privacidad. Con funci\u00f3n joystick t\u00e1ctil.<\/p>","protected":false},"excerpt":{"rendered":"<p>Tapa para c\u00e1mara webcam para proteger la privacidad. Con funci\u00f3n joystick t\u00e1ctil.<\/p>","protected":false},"featured_media":70488,"comment_status":"open","ping_status":"open","template":"","meta":{"inline_featured_image":false},"product_brand":[],"product_cat":[128],"product_tag":[],"class_list":{"0":"post-35021","1":"product","2":"type-product","3":"status-publish","4":"has-post-thumbnail","6":"product_cat-outlet","8":"first","9":"instock","10":"taxable","11":"shipping-taxable","12":"purchasable","13":"product-type-variable","14":"has-default-attributes"},"aioseo_notices":[],"_links":{"self":[{"href":"https:\/\/imprimeideas.es\/en\/wp-json\/wp\/v2\/product\/35021","targetHints":{"allow":["GET"]}}],"collection":[{"href":"https:\/\/imprimeideas.es\/en\/wp-json\/wp\/v2\/product"}],"about":[{"href":"https:\/\/imprimeideas.es\/en\/wp-json\/wp\/v2\/types\/product"}],"replies":[{"embeddable":true,"href":"https:\/\/imprimeideas.es\/en\/wp-json\/wp\/v2\/comments?post=35021"}],"version-history":[{"count":1,"href":"https:\/\/imprimeideas.es\/en\/wp-json\/wp\/v2\/product\/35021\/revisions"}],"predecessor-version":[{"id":59928,"href":"https:\/\/imprimeideas.es\/en\/wp-json\/wp\/v2\/product\/35021\/revisions\/59928"}],"wp:featuredmedia":[{"embeddable":true,"href":"https:\/\/imprimeideas.es\/en\/wp-json\/wp\/v2\/media\/70488"}],"wp:attachment":[{"href":"https:\/\/imprimeideas.es\/en\/wp-json\/wp\/v2\/media?parent=35021"}],"wp:term":[{"taxonomy":"product_brand","embeddable":true,"href":"https:\/\/imprimeideas.es\/en\/wp-json\/wp\/v2\/product_brand?post=35021"},{"taxonomy":"product_cat","embeddable":true,"href":"https:\/\/imprimeideas.es\/en\/wp-json\/wp\/v2\/product_cat?post=35021"},{"taxonomy":"product_tag","embeddable":true,"href":"https:\/\/imprimeideas.es\/en\/wp-json\/wp\/v2\/product_tag?post=35021"}],"curies":[{"name":"wp","href":"https:\/\/api.w.org\/{rel}","templated":true}]}}