{"id":35019,"date":"2026-02-24T11:09:14","date_gmt":"2026-02-24T10:09:14","guid":{"rendered":"https:\/\/imprimeideas.es\/?post_type=product&p=35019"},"modified":"2026-02-26T18:42:36","modified_gmt":"2026-02-26T17:42:36","slug":"gorra-bayet","status":"publish","type":"product","link":"https:\/\/imprimeideas.es\/en\/product\/gorra-bayet\/","title":{"rendered":"Gorra Bayet"},"content":{"rendered":"<p>Gorra de 5 paneles de alta calidad en poli\u00e9ster. Dise\u00f1o en combinaci\u00f3n de panel frontal en color s\u00f3lido con resto de paneles y visera en acabador bicolor a juego. Con orificios de ventilaci\u00f3n bordados y cierre ajustable de velcro.<\/p>","protected":false},"excerpt":{"rendered":"<p>6 Paneles. Cierre Velcro<\/p>","protected":false},"featured_media":62289,"comment_status":"open","ping_status":"open","template":"","meta":{"inline_featured_image":false},"product_brand":[],"product_cat":[112,128],"product_tag":[],"class_list":{"0":"post-35019","1":"product","2":"type-product","3":"status-publish","4":"has-post-thumbnail","6":"product_cat-gorras-y-sombreros","7":"product_cat-outlet","9":"first","10":"outofstock","11":"taxable","12":"shipping-taxable","13":"purchasable","14":"product-type-variable","15":"has-default-attributes"},"aioseo_notices":[],"_links":{"self":[{"href":"https:\/\/imprimeideas.es\/en\/wp-json\/wp\/v2\/product\/35019","targetHints":{"allow":["GET"]}}],"collection":[{"href":"https:\/\/imprimeideas.es\/en\/wp-json\/wp\/v2\/product"}],"about":[{"href":"https:\/\/imprimeideas.es\/en\/wp-json\/wp\/v2\/types\/product"}],"replies":[{"embeddable":true,"href":"https:\/\/imprimeideas.es\/en\/wp-json\/wp\/v2\/comments?post=35019"}],"version-history":[{"count":1,"href":"https:\/\/imprimeideas.es\/en\/wp-json\/wp\/v2\/product\/35019\/revisions"}],"predecessor-version":[{"id":59927,"href":"https:\/\/imprimeideas.es\/en\/wp-json\/wp\/v2\/product\/35019\/revisions\/59927"}],"wp:featuredmedia":[{"embeddable":true,"href":"https:\/\/imprimeideas.es\/en\/wp-json\/wp\/v2\/media\/62289"}],"wp:attachment":[{"href":"https:\/\/imprimeideas.es\/en\/wp-json\/wp\/v2\/media?parent=35019"}],"wp:term":[{"taxonomy":"product_brand","embeddable":true,"href":"https:\/\/imprimeideas.es\/en\/wp-json\/wp\/v2\/product_brand?post=35019"},{"taxonomy":"product_cat","embeddable":true,"href":"https:\/\/imprimeideas.es\/en\/wp-json\/wp\/v2\/product_cat?post=35019"},{"taxonomy":"product_tag","embeddable":true,"href":"https:\/\/imprimeideas.es\/en\/wp-json\/wp\/v2\/product_tag?post=35019"}],"curies":[{"name":"wp","href":"https:\/\/api.w.org\/{rel}","templated":true}]}}