{"id":35000,"date":"2026-02-24T11:09:12","date_gmt":"2026-02-24T10:09:12","guid":{"rendered":"https:\/\/imprimeideas.es\/?post_type=product&p=35000"},"modified":"2026-02-26T18:37:39","modified_gmt":"2026-02-26T17:37:39","slug":"boligrafo-multifuncion-7-en-1-payro","status":"publish","type":"product","link":"https:\/\/imprimeideas.es\/en\/product\/boligrafo-multifuncion-7-en-1-payro\/","title":{"rendered":"Bol\u00edgrafo Multifunci\u00f3n 7 en 1 Payro"},"content":{"rendered":"<p>Bol\u00edgrafo 7 en 1 de mecanismo giratorio en variada gama de vivos colores. Con soporte para dispositivo m\u00f3vil, puntero, limpiador de pantalla, regla integrada en cuerpo -cm y pulgadas-, destornilladores de punta plana y de estrella. Tinta azul.<\/p>","protected":false},"excerpt":{"rendered":"<p>1 Accesorio. 7 Funciones<\/p>","protected":false},"featured_media":76666,"comment_status":"open","ping_status":"open","template":"","meta":{"inline_featured_image":false},"product_brand":[],"product_cat":[100,110],"product_tag":[],"class_list":{"0":"post-35000","1":"product","2":"type-product","3":"status-publish","4":"has-post-thumbnail","6":"product_cat-escritura","7":"product_cat-herramientas-brico-y-automovil","9":"first","10":"instock","11":"taxable","12":"shipping-taxable","13":"purchasable","14":"product-type-variable","15":"has-default-attributes"},"aioseo_notices":[],"_links":{"self":[{"href":"https:\/\/imprimeideas.es\/en\/wp-json\/wp\/v2\/product\/35000","targetHints":{"allow":["GET"]}}],"collection":[{"href":"https:\/\/imprimeideas.es\/en\/wp-json\/wp\/v2\/product"}],"about":[{"href":"https:\/\/imprimeideas.es\/en\/wp-json\/wp\/v2\/types\/product"}],"replies":[{"embeddable":true,"href":"https:\/\/imprimeideas.es\/en\/wp-json\/wp\/v2\/comments?post=35000"}],"version-history":[{"count":1,"href":"https:\/\/imprimeideas.es\/en\/wp-json\/wp\/v2\/product\/35000\/revisions"}],"predecessor-version":[{"id":59923,"href":"https:\/\/imprimeideas.es\/en\/wp-json\/wp\/v2\/product\/35000\/revisions\/59923"}],"wp:featuredmedia":[{"embeddable":true,"href":"https:\/\/imprimeideas.es\/en\/wp-json\/wp\/v2\/media\/76666"}],"wp:attachment":[{"href":"https:\/\/imprimeideas.es\/en\/wp-json\/wp\/v2\/media?parent=35000"}],"wp:term":[{"taxonomy":"product_brand","embeddable":true,"href":"https:\/\/imprimeideas.es\/en\/wp-json\/wp\/v2\/product_brand?post=35000"},{"taxonomy":"product_cat","embeddable":true,"href":"https:\/\/imprimeideas.es\/en\/wp-json\/wp\/v2\/product_cat?post=35000"},{"taxonomy":"product_tag","embeddable":true,"href":"https:\/\/imprimeideas.es\/en\/wp-json\/wp\/v2\/product_tag?post=35000"}],"curies":[{"name":"wp","href":"https:\/\/api.w.org\/{rel}","templated":true}]}}