{"id":34981,"date":"2026-02-24T11:09:10","date_gmt":"2026-02-24T10:09:10","guid":{"rendered":"https:\/\/imprimeideas.es\/?post_type=product&p=34981"},"modified":"2026-02-26T18:08:11","modified_gmt":"2026-02-26T17:08:11","slug":"receptor-bluetooth-domky","status":"publish","type":"product","link":"https:\/\/imprimeideas.es\/en\/product\/receptor-bluetooth-domky\/","title":{"rendered":"Receptor Bluetooth Domky"},"content":{"rendered":"<p>Pr\u00e1ctico receptor Bluetooth multifunci\u00f3n para coche u hogar, con salida de audio jack de 3,5mm para conexi\u00f3n a la entrada auxiliar de la radio del coche o de cualquier dispositivo con entrada de audio tipo jack de 3,5mm. Panel de control integrado en carcasa, ranura para lectura de tarjetas micro SD de hasta 32GB de capacidad y funci\u00f3n manos libres. Incluye cable extensible con conexi\u00f3n jack de 3,5mm a jack de 3,5mm. Presentado en atractiva caja de dise\u00f1o.<\/p>","protected":false},"excerpt":{"rendered":"<p>Conexi\u00f3n Bluetooth. Conexi\u00f3n Jack 3,5 mm. Conexi\u00f3n USB. Cable Extensible<\/p>","protected":false},"featured_media":86156,"comment_status":"open","ping_status":"open","template":"","meta":{"inline_featured_image":false},"product_brand":[],"product_cat":[110,128,95],"product_tag":[],"class_list":{"0":"post-34981","1":"product","2":"type-product","3":"status-publish","4":"has-post-thumbnail","6":"product_cat-herramientas-brico-y-automovil","7":"product_cat-outlet","8":"product_cat-tecnologia-y-accesorios","10":"first","11":"instock","12":"taxable","13":"shipping-taxable","14":"purchasable","15":"product-type-variable","16":"has-default-attributes"},"aioseo_notices":[],"_links":{"self":[{"href":"https:\/\/imprimeideas.es\/en\/wp-json\/wp\/v2\/product\/34981","targetHints":{"allow":["GET"]}}],"collection":[{"href":"https:\/\/imprimeideas.es\/en\/wp-json\/wp\/v2\/product"}],"about":[{"href":"https:\/\/imprimeideas.es\/en\/wp-json\/wp\/v2\/types\/product"}],"replies":[{"embeddable":true,"href":"https:\/\/imprimeideas.es\/en\/wp-json\/wp\/v2\/comments?post=34981"}],"version-history":[{"count":1,"href":"https:\/\/imprimeideas.es\/en\/wp-json\/wp\/v2\/product\/34981\/revisions"}],"predecessor-version":[{"id":59918,"href":"https:\/\/imprimeideas.es\/en\/wp-json\/wp\/v2\/product\/34981\/revisions\/59918"}],"wp:featuredmedia":[{"embeddable":true,"href":"https:\/\/imprimeideas.es\/en\/wp-json\/wp\/v2\/media\/86156"}],"wp:attachment":[{"href":"https:\/\/imprimeideas.es\/en\/wp-json\/wp\/v2\/media?parent=34981"}],"wp:term":[{"taxonomy":"product_brand","embeddable":true,"href":"https:\/\/imprimeideas.es\/en\/wp-json\/wp\/v2\/product_brand?post=34981"},{"taxonomy":"product_cat","embeddable":true,"href":"https:\/\/imprimeideas.es\/en\/wp-json\/wp\/v2\/product_cat?post=34981"},{"taxonomy":"product_tag","embeddable":true,"href":"https:\/\/imprimeideas.es\/en\/wp-json\/wp\/v2\/product_tag?post=34981"}],"curies":[{"name":"wp","href":"https:\/\/api.w.org\/{rel}","templated":true}]}}