{"id":34978,"date":"2026-02-24T11:09:10","date_gmt":"2026-02-24T10:09:10","guid":{"rendered":"https:\/\/imprimeideas.es\/?post_type=product&p=34978"},"modified":"2026-02-26T18:19:31","modified_gmt":"2026-02-26T17:19:31","slug":"camara-360-ribben","status":"publish","type":"product","link":"https:\/\/imprimeideas.es\/en\/product\/camara-360-ribben\/","title":{"rendered":"C\u00e1mara 360\u00b0 Ribben"},"content":{"rendered":"<p>C\u00e1mara 360\u00b0 con conexi\u00f3n Tipo-C y adaptador micro USB para dispositivos m\u00f3viles Android. De alta calidad de captura de v\u00eddeo 360\u00b0 con resoluci\u00f3n HD 2048x1024p, especialmente dise\u00f1ada para uso intensivo. APP disponible para disfrutar de los v\u00eddeos filmados en 360\u00b0 en gafas de realidad virtual compatibles -no incluidas-. Presentada en atractiva caja de dise\u00f1o.<\/p>","protected":false},"excerpt":{"rendered":"<p>Conexi\u00f3n Micro USB y Tipo C<\/p>","protected":false},"featured_media":81393,"comment_status":"open","ping_status":"open","template":"","meta":{"inline_featured_image":false},"product_brand":[],"product_cat":[128,95],"product_tag":[],"class_list":{"0":"post-34978","1":"product","2":"type-product","3":"status-publish","4":"has-post-thumbnail","6":"product_cat-outlet","7":"product_cat-tecnologia-y-accesorios","9":"first","10":"instock","11":"taxable","12":"shipping-taxable","13":"purchasable","14":"product-type-variable","15":"has-default-attributes"},"aioseo_notices":[],"_links":{"self":[{"href":"https:\/\/imprimeideas.es\/en\/wp-json\/wp\/v2\/product\/34978","targetHints":{"allow":["GET"]}}],"collection":[{"href":"https:\/\/imprimeideas.es\/en\/wp-json\/wp\/v2\/product"}],"about":[{"href":"https:\/\/imprimeideas.es\/en\/wp-json\/wp\/v2\/types\/product"}],"replies":[{"embeddable":true,"href":"https:\/\/imprimeideas.es\/en\/wp-json\/wp\/v2\/comments?post=34978"}],"version-history":[{"count":1,"href":"https:\/\/imprimeideas.es\/en\/wp-json\/wp\/v2\/product\/34978\/revisions"}],"predecessor-version":[{"id":59917,"href":"https:\/\/imprimeideas.es\/en\/wp-json\/wp\/v2\/product\/34978\/revisions\/59917"}],"wp:featuredmedia":[{"embeddable":true,"href":"https:\/\/imprimeideas.es\/en\/wp-json\/wp\/v2\/media\/81393"}],"wp:attachment":[{"href":"https:\/\/imprimeideas.es\/en\/wp-json\/wp\/v2\/media?parent=34978"}],"wp:term":[{"taxonomy":"product_brand","embeddable":true,"href":"https:\/\/imprimeideas.es\/en\/wp-json\/wp\/v2\/product_brand?post=34978"},{"taxonomy":"product_cat","embeddable":true,"href":"https:\/\/imprimeideas.es\/en\/wp-json\/wp\/v2\/product_cat?post=34978"},{"taxonomy":"product_tag","embeddable":true,"href":"https:\/\/imprimeideas.es\/en\/wp-json\/wp\/v2\/product_tag?post=34978"}],"curies":[{"name":"wp","href":"https:\/\/api.w.org\/{rel}","templated":true}]}}