{"id":34975,"date":"2026-02-24T11:09:10","date_gmt":"2026-02-24T10:09:10","guid":{"rendered":"https:\/\/imprimeideas.es\/?post_type=product&p=34975"},"modified":"2026-02-26T18:23:27","modified_gmt":"2026-02-26T17:23:27","slug":"cargador-donson","status":"publish","type":"product","link":"https:\/\/imprimeideas.es\/en\/product\/cargador-donson\/","title":{"rendered":"Cargador Donson"},"content":{"rendered":"<p>Cargador inal\u00e1mbrico de dise\u00f1o minimalista en color blanco. Con salida USB dual extra de 2.100 mA de capacidad para carga simult\u00e1nea de dos dispositivos. Con base antideslizante. Compatible con dispositivos equipados con tecnolog\u00eda de carga inal\u00e1mbrica y presentado en atractiva caja de dise\u00f1o.<\/p>","protected":false},"excerpt":{"rendered":"<p>Inal\u00e1mbrico 10W. 2 Salidas USB<\/p>","protected":false},"featured_media":78767,"comment_status":"open","ping_status":"open","template":"","meta":{"inline_featured_image":false},"product_brand":[],"product_cat":[95],"product_tag":[],"class_list":{"0":"post-34975","1":"product","2":"type-product","3":"status-publish","4":"has-post-thumbnail","6":"product_cat-tecnologia-y-accesorios","8":"first","9":"instock","10":"taxable","11":"shipping-taxable","12":"purchasable","13":"product-type-variable","14":"has-default-attributes"},"aioseo_notices":[],"_links":{"self":[{"href":"https:\/\/imprimeideas.es\/en\/wp-json\/wp\/v2\/product\/34975","targetHints":{"allow":["GET"]}}],"collection":[{"href":"https:\/\/imprimeideas.es\/en\/wp-json\/wp\/v2\/product"}],"about":[{"href":"https:\/\/imprimeideas.es\/en\/wp-json\/wp\/v2\/types\/product"}],"replies":[{"embeddable":true,"href":"https:\/\/imprimeideas.es\/en\/wp-json\/wp\/v2\/comments?post=34975"}],"version-history":[{"count":1,"href":"https:\/\/imprimeideas.es\/en\/wp-json\/wp\/v2\/product\/34975\/revisions"}],"predecessor-version":[{"id":59916,"href":"https:\/\/imprimeideas.es\/en\/wp-json\/wp\/v2\/product\/34975\/revisions\/59916"}],"wp:featuredmedia":[{"embeddable":true,"href":"https:\/\/imprimeideas.es\/en\/wp-json\/wp\/v2\/media\/78767"}],"wp:attachment":[{"href":"https:\/\/imprimeideas.es\/en\/wp-json\/wp\/v2\/media?parent=34975"}],"wp:term":[{"taxonomy":"product_brand","embeddable":true,"href":"https:\/\/imprimeideas.es\/en\/wp-json\/wp\/v2\/product_brand?post=34975"},{"taxonomy":"product_cat","embeddable":true,"href":"https:\/\/imprimeideas.es\/en\/wp-json\/wp\/v2\/product_cat?post=34975"},{"taxonomy":"product_tag","embeddable":true,"href":"https:\/\/imprimeideas.es\/en\/wp-json\/wp\/v2\/product_tag?post=34975"}],"curies":[{"name":"wp","href":"https:\/\/api.w.org\/{rel}","templated":true}]}}