{"id":34959,"date":"2026-02-24T11:09:09","date_gmt":"2026-02-24T10:09:09","guid":{"rendered":"https:\/\/imprimeideas.es\/?post_type=product&p=34959"},"modified":"2026-02-25T19:52:23","modified_gmt":"2026-02-25T18:52:23","slug":"teclado-soporte-dustin","status":"publish","type":"product","link":"https:\/\/imprimeideas.es\/en\/product\/teclado-soporte-dustin\/","title":{"rendered":"Teclado Soporte Dustin"},"content":{"rendered":"<p>Teclado soporte Bluetooth con funci\u00f3n soporte para dispositivo m\u00f3vil en suave acabado de polipiel. De dise\u00f1o compacto, con solapa de cierre magn\u00e9tico, tarjeteros interiores, en atrevidos colores y recargable mediante cable mini USB -incluido-. Compatible con cualquier sistema operativo de tipo QWERTY y presentado en atractiva caja de dise\u00f1o.<\/p>","protected":false},"excerpt":{"rendered":"<p>Conexi\u00f3n Bluetooth. Bater\u00eda 1000 mAh<\/p>","protected":false},"featured_media":83697,"comment_status":"open","ping_status":"open","template":"","meta":{"inline_featured_image":false},"product_brand":[],"product_cat":[96,128,95],"product_tag":[],"class_list":{"0":"post-34959","1":"product","2":"type-product","3":"status-publish","4":"has-post-thumbnail","6":"product_cat-oficina-y-negocios","7":"product_cat-outlet","8":"product_cat-tecnologia-y-accesorios","10":"first","11":"outofstock","12":"taxable","13":"shipping-taxable","14":"purchasable","15":"product-type-variable","16":"has-default-attributes"},"aioseo_notices":[],"_links":{"self":[{"href":"https:\/\/imprimeideas.es\/en\/wp-json\/wp\/v2\/product\/34959","targetHints":{"allow":["GET"]}}],"collection":[{"href":"https:\/\/imprimeideas.es\/en\/wp-json\/wp\/v2\/product"}],"about":[{"href":"https:\/\/imprimeideas.es\/en\/wp-json\/wp\/v2\/types\/product"}],"replies":[{"embeddable":true,"href":"https:\/\/imprimeideas.es\/en\/wp-json\/wp\/v2\/comments?post=34959"}],"version-history":[{"count":1,"href":"https:\/\/imprimeideas.es\/en\/wp-json\/wp\/v2\/product\/34959\/revisions"}],"predecessor-version":[{"id":59911,"href":"https:\/\/imprimeideas.es\/en\/wp-json\/wp\/v2\/product\/34959\/revisions\/59911"}],"wp:featuredmedia":[{"embeddable":true,"href":"https:\/\/imprimeideas.es\/en\/wp-json\/wp\/v2\/media\/83697"}],"wp:attachment":[{"href":"https:\/\/imprimeideas.es\/en\/wp-json\/wp\/v2\/media?parent=34959"}],"wp:term":[{"taxonomy":"product_brand","embeddable":true,"href":"https:\/\/imprimeideas.es\/en\/wp-json\/wp\/v2\/product_brand?post=34959"},{"taxonomy":"product_cat","embeddable":true,"href":"https:\/\/imprimeideas.es\/en\/wp-json\/wp\/v2\/product_cat?post=34959"},{"taxonomy":"product_tag","embeddable":true,"href":"https:\/\/imprimeideas.es\/en\/wp-json\/wp\/v2\/product_tag?post=34959"}],"curies":[{"name":"wp","href":"https:\/\/api.w.org\/{rel}","templated":true}]}}