{"id":34889,"date":"2026-02-24T11:09:03","date_gmt":"2026-02-24T10:09:03","guid":{"rendered":"https:\/\/imprimeideas.es\/?post_type=product&p=34889"},"modified":"2026-02-26T18:42:36","modified_gmt":"2026-02-26T17:42:36","slug":"parasol-falnit","status":"publish","type":"product","link":"https:\/\/imprimeideas.es\/en\/product\/parasol-falnit\/","title":{"rendered":"Parasol Falnit"},"content":{"rendered":"<p>Parasol en aluminio con burbuja en ambas caras en color plateado de acabado metalizado con ribetes en color negro. De tama\u00f1o 130x80cm, con argollas met\u00e1licas de refuerzo, cintas el\u00e1sticas para plegado, dos ventosas para ajuste en luna y presentaci\u00f3n desplegado en plancha para f\u00e1cil impresi\u00f3n.<\/p>","protected":false},"excerpt":{"rendered":"<p>Parasol en aluminio con burbuja en ambas caras en color plateado de acabado metalizado con ribetes en color negro. De<\/p>","protected":false},"featured_media":85815,"comment_status":"open","ping_status":"open","template":"","meta":{"inline_featured_image":false},"product_brand":[],"product_cat":[110,114],"product_tag":[],"class_list":{"0":"post-34889","1":"product","2":"type-product","3":"status-publish","4":"has-post-thumbnail","6":"product_cat-herramientas-brico-y-automovil","7":"product_cat-verano-y-playa","9":"first","10":"instock","11":"taxable","12":"shipping-taxable","13":"purchasable","14":"product-type-variable","15":"has-default-attributes"},"aioseo_notices":[],"_links":{"self":[{"href":"https:\/\/imprimeideas.es\/en\/wp-json\/wp\/v2\/product\/34889","targetHints":{"allow":["GET"]}}],"collection":[{"href":"https:\/\/imprimeideas.es\/en\/wp-json\/wp\/v2\/product"}],"about":[{"href":"https:\/\/imprimeideas.es\/en\/wp-json\/wp\/v2\/types\/product"}],"replies":[{"embeddable":true,"href":"https:\/\/imprimeideas.es\/en\/wp-json\/wp\/v2\/comments?post=34889"}],"version-history":[{"count":1,"href":"https:\/\/imprimeideas.es\/en\/wp-json\/wp\/v2\/product\/34889\/revisions"}],"predecessor-version":[{"id":59894,"href":"https:\/\/imprimeideas.es\/en\/wp-json\/wp\/v2\/product\/34889\/revisions\/59894"}],"wp:featuredmedia":[{"embeddable":true,"href":"https:\/\/imprimeideas.es\/en\/wp-json\/wp\/v2\/media\/85815"}],"wp:attachment":[{"href":"https:\/\/imprimeideas.es\/en\/wp-json\/wp\/v2\/media?parent=34889"}],"wp:term":[{"taxonomy":"product_brand","embeddable":true,"href":"https:\/\/imprimeideas.es\/en\/wp-json\/wp\/v2\/product_brand?post=34889"},{"taxonomy":"product_cat","embeddable":true,"href":"https:\/\/imprimeideas.es\/en\/wp-json\/wp\/v2\/product_cat?post=34889"},{"taxonomy":"product_tag","embeddable":true,"href":"https:\/\/imprimeideas.es\/en\/wp-json\/wp\/v2\/product_tag?post=34889"}],"curies":[{"name":"wp","href":"https:\/\/api.w.org\/{rel}","templated":true}]}}