{"id":34854,"date":"2026-02-24T11:08:38","date_gmt":"2026-02-24T10:08:38","guid":{"rendered":"https:\/\/imprimeideas.es\/?post_type=product&p=34854"},"modified":"2026-02-26T18:13:55","modified_gmt":"2026-02-26T17:13:55","slug":"mochila-llorel","status":"publish","type":"product","link":"https:\/\/imprimeideas.es\/en\/product\/mochila-llorel\/","title":{"rendered":"Mochila Llorel"},"content":{"rendered":"<p>Mochila de cuerdas plegable para ni\u00f1o, en suave poli\u00e9ster 210T de originales dise\u00f1os con animalitos. Con cuerdas autocierre en color negro y esquinas reforzadas. Plegado de peque\u00f1o tama\u00f1o.<\/p>","protected":false},"excerpt":{"rendered":"<p>Mochila de cuerdas plegable para ni\u00f1o, en suave poli\u00e9ster 210T de originales dise\u00f1os con animalitos. Con cuerdas autocierre en color<\/p>","protected":false},"featured_media":71438,"comment_status":"open","ping_status":"open","template":"","meta":{"inline_featured_image":false},"product_brand":[],"product_cat":[108,94],"product_tag":[],"class_list":{"0":"post-34854","1":"product","2":"type-product","3":"status-publish","4":"has-post-thumbnail","6":"product_cat-infantil","7":"product_cat-mochilas","9":"first","10":"instock","11":"taxable","12":"shipping-taxable","13":"purchasable","14":"product-type-variable","15":"has-default-attributes"},"aioseo_notices":[],"_links":{"self":[{"href":"https:\/\/imprimeideas.es\/en\/wp-json\/wp\/v2\/product\/34854","targetHints":{"allow":["GET"]}}],"collection":[{"href":"https:\/\/imprimeideas.es\/en\/wp-json\/wp\/v2\/product"}],"about":[{"href":"https:\/\/imprimeideas.es\/en\/wp-json\/wp\/v2\/types\/product"}],"replies":[{"embeddable":true,"href":"https:\/\/imprimeideas.es\/en\/wp-json\/wp\/v2\/comments?post=34854"}],"version-history":[{"count":1,"href":"https:\/\/imprimeideas.es\/en\/wp-json\/wp\/v2\/product\/34854\/revisions"}],"predecessor-version":[{"id":59890,"href":"https:\/\/imprimeideas.es\/en\/wp-json\/wp\/v2\/product\/34854\/revisions\/59890"}],"wp:featuredmedia":[{"embeddable":true,"href":"https:\/\/imprimeideas.es\/en\/wp-json\/wp\/v2\/media\/71438"}],"wp:attachment":[{"href":"https:\/\/imprimeideas.es\/en\/wp-json\/wp\/v2\/media?parent=34854"}],"wp:term":[{"taxonomy":"product_brand","embeddable":true,"href":"https:\/\/imprimeideas.es\/en\/wp-json\/wp\/v2\/product_brand?post=34854"},{"taxonomy":"product_cat","embeddable":true,"href":"https:\/\/imprimeideas.es\/en\/wp-json\/wp\/v2\/product_cat?post=34854"},{"taxonomy":"product_tag","embeddable":true,"href":"https:\/\/imprimeideas.es\/en\/wp-json\/wp\/v2\/product_tag?post=34854"}],"curies":[{"name":"wp","href":"https:\/\/api.w.org\/{rel}","templated":true}]}}