{"id":34827,"date":"2026-02-24T11:08:36","date_gmt":"2026-02-24T10:08:36","guid":{"rendered":"https:\/\/imprimeideas.es\/?post_type=product&p=34827"},"modified":"2026-02-26T18:45:07","modified_gmt":"2026-02-26T17:45:07","slug":"bidon-vandix","status":"publish","type":"product","link":"https:\/\/imprimeideas.es\/en\/product\/bidon-vandix\/","title":{"rendered":"Bid\u00f3n Vandix"},"content":{"rendered":"<p>Bid\u00f3n en alta calidad de 650ml de capacidad en material trit\u00e1n resistente al calor y libre de BPA. Con dosificador, tap\u00f3n a rosca de seguridad y disponible en variada gama de colores. Presentado en caja individual.<\/p>","protected":false},"excerpt":{"rendered":"<p>650 ml<\/p>","protected":false},"featured_media":74304,"comment_status":"open","ping_status":"open","template":"","meta":{"inline_featured_image":false},"product_brand":[],"product_cat":[97],"product_tag":[],"class_list":{"0":"post-34827","1":"product","2":"type-product","3":"status-publish","4":"has-post-thumbnail","6":"product_cat-tazas-jarras-y-termos","8":"first","9":"instock","10":"taxable","11":"shipping-taxable","12":"purchasable","13":"product-type-variable","14":"has-default-attributes"},"aioseo_notices":[],"_links":{"self":[{"href":"https:\/\/imprimeideas.es\/en\/wp-json\/wp\/v2\/product\/34827","targetHints":{"allow":["GET"]}}],"collection":[{"href":"https:\/\/imprimeideas.es\/en\/wp-json\/wp\/v2\/product"}],"about":[{"href":"https:\/\/imprimeideas.es\/en\/wp-json\/wp\/v2\/types\/product"}],"replies":[{"embeddable":true,"href":"https:\/\/imprimeideas.es\/en\/wp-json\/wp\/v2\/comments?post=34827"}],"version-history":[{"count":1,"href":"https:\/\/imprimeideas.es\/en\/wp-json\/wp\/v2\/product\/34827\/revisions"}],"predecessor-version":[{"id":59884,"href":"https:\/\/imprimeideas.es\/en\/wp-json\/wp\/v2\/product\/34827\/revisions\/59884"}],"wp:featuredmedia":[{"embeddable":true,"href":"https:\/\/imprimeideas.es\/en\/wp-json\/wp\/v2\/media\/74304"}],"wp:attachment":[{"href":"https:\/\/imprimeideas.es\/en\/wp-json\/wp\/v2\/media?parent=34827"}],"wp:term":[{"taxonomy":"product_brand","embeddable":true,"href":"https:\/\/imprimeideas.es\/en\/wp-json\/wp\/v2\/product_brand?post=34827"},{"taxonomy":"product_cat","embeddable":true,"href":"https:\/\/imprimeideas.es\/en\/wp-json\/wp\/v2\/product_cat?post=34827"},{"taxonomy":"product_tag","embeddable":true,"href":"https:\/\/imprimeideas.es\/en\/wp-json\/wp\/v2\/product_tag?post=34827"}],"curies":[{"name":"wp","href":"https:\/\/api.w.org\/{rel}","templated":true}]}}