{"id":34805,"date":"2026-02-24T11:08:34","date_gmt":"2026-02-24T10:08:34","guid":{"rendered":"https:\/\/imprimeideas.es\/?post_type=product&p=34805"},"modified":"2026-02-26T18:33:02","modified_gmt":"2026-02-26T17:33:02","slug":"set-herramientas-wheels","status":"publish","type":"product","link":"https:\/\/imprimeideas.es\/en\/product\/set-herramientas-wheels\/","title":{"rendered":"Set Herramientas Wheels"},"content":{"rendered":"<p>Set de herramientas de 20 accesorios en resistente estuche con dise\u00f1o de rueda. Incluye set de destornilladores de precisi\u00f3n, herramienta de fijaci\u00f3n, cabezales destornilladores planos y de estrella, llaves para tuercas de cabeza hexagonal y cutter. Presentado en caja individual.<\/p>","protected":false},"excerpt":{"rendered":"<p>20 Accesorios<\/p>","protected":false},"featured_media":66127,"comment_status":"open","ping_status":"open","template":"","meta":{"inline_featured_image":false},"product_brand":[],"product_cat":[110],"product_tag":[],"class_list":{"0":"post-34805","1":"product","2":"type-product","3":"status-publish","4":"has-post-thumbnail","6":"product_cat-herramientas-brico-y-automovil","8":"first","9":"instock","10":"taxable","11":"shipping-taxable","12":"purchasable","13":"product-type-variable","14":"has-default-attributes"},"aioseo_notices":[],"_links":{"self":[{"href":"https:\/\/imprimeideas.es\/en\/wp-json\/wp\/v2\/product\/34805","targetHints":{"allow":["GET"]}}],"collection":[{"href":"https:\/\/imprimeideas.es\/en\/wp-json\/wp\/v2\/product"}],"about":[{"href":"https:\/\/imprimeideas.es\/en\/wp-json\/wp\/v2\/types\/product"}],"replies":[{"embeddable":true,"href":"https:\/\/imprimeideas.es\/en\/wp-json\/wp\/v2\/comments?post=34805"}],"version-history":[{"count":1,"href":"https:\/\/imprimeideas.es\/en\/wp-json\/wp\/v2\/product\/34805\/revisions"}],"predecessor-version":[{"id":59878,"href":"https:\/\/imprimeideas.es\/en\/wp-json\/wp\/v2\/product\/34805\/revisions\/59878"}],"wp:featuredmedia":[{"embeddable":true,"href":"https:\/\/imprimeideas.es\/en\/wp-json\/wp\/v2\/media\/66127"}],"wp:attachment":[{"href":"https:\/\/imprimeideas.es\/en\/wp-json\/wp\/v2\/media?parent=34805"}],"wp:term":[{"taxonomy":"product_brand","embeddable":true,"href":"https:\/\/imprimeideas.es\/en\/wp-json\/wp\/v2\/product_brand?post=34805"},{"taxonomy":"product_cat","embeddable":true,"href":"https:\/\/imprimeideas.es\/en\/wp-json\/wp\/v2\/product_cat?post=34805"},{"taxonomy":"product_tag","embeddable":true,"href":"https:\/\/imprimeideas.es\/en\/wp-json\/wp\/v2\/product_tag?post=34805"}],"curies":[{"name":"wp","href":"https:\/\/api.w.org\/{rel}","templated":true}]}}